{"id":89975,"date":"2024-02-13T08:29:49","date_gmt":"2024-02-13T07:29:49","guid":{"rendered":"https:\/\/erdmost.hu\/?page_id=89975"},"modified":"2024-02-13T08:36:59","modified_gmt":"2024-02-13T07:36:59","slug":"erd-tortenete-kviz","status":"publish","type":"page","link":"https:\/\/erdmost.hu\/en\/erd-tortenete-kviz\/","title":{"rendered":"\u00c9rd t\u00f6rt\u00e9nete kv\u00edz"},"content":{"rendered":"<div data-elementor-type=\"wp-page\" data-elementor-id=\"89975\" class=\"elementor elementor-89975\" data-elementor-post-type=\"page\">\n\t\t\t\t\t\t<section class=\"elementor-section elementor-top-section elementor-element elementor-element-27611e0 elementor-section-boxed elementor-section-height-default elementor-section-height-default\" data-id=\"27611e0\" data-element_type=\"section\">\n\t\t\t\t\t\t<div class=\"elementor-container elementor-column-gap-default\">\n\t\t\t\t\t<div class=\"elementor-column elementor-col-100 elementor-top-column elementor-element elementor-element-535107b\" data-id=\"535107b\" data-element_type=\"column\">\n\t\t\t<div class=\"elementor-widget-wrap elementor-element-populated\">\n\t\t\t\t\t\t<div class=\"elementor-element elementor-element-2b99fcd elementor-widget elementor-widget-spacer\" data-id=\"2b99fcd\" data-element_type=\"widget\" data-widget_type=\"spacer.default\">\n\t\t\t\t<div class=\"elementor-widget-container\">\n\t\t\t\t\t\t\t<div class=\"elementor-spacer\">\n\t\t\t<div class=\"elementor-spacer-inner\"><\/div>\n\t\t<\/div>\n\t\t\t\t\t\t<\/div>\n\t\t\t\t<\/div>\n\t\t\t\t<div class=\"elementor-element elementor-element-ca6d6c5 elementor-widget elementor-widget-heading\" data-id=\"ca6d6c5\" data-element_type=\"widget\" data-widget_type=\"heading.default\">\n\t\t\t\t<div class=\"elementor-widget-container\">\n\t\t\t\t\t<h1 class=\"elementor-heading-title elementor-size-default\">\u00c9rd t\u00f6rt\u00e9nete kv\u00edz<\/h1>\t\t\t\t<\/div>\n\t\t\t\t<\/div>\n\t\t\t\t<div class=\"elementor-element elementor-element-58410d5 elementor-widget elementor-widget-text-editor\" data-id=\"58410d5\" data-element_type=\"widget\" data-widget_type=\"text-editor.default\">\n\t\t\t\t<div class=\"elementor-widget-container\">\n\t\t\t\t\t\t\t\t\t<p>\u00c9rd 46 \u00e9vvel ezel\u0151tt kapott v\u00e1rosi rangot. Erre eml\u00e9kezve az \u00f6nkorm\u00e1nyzattal k\u00f6z\u00f6sen nyerem\u00e9nyj\u00e1t\u00e9kot ind\u00edtottunk, vagyis \u00f6ssze\u00e1ll\u00edtottunk egy k\u00e9rd\u00e9ssort a telep\u00fcl\u00e9s t\u00f6rt\u00e9net\u00e9vel kapcsolatban.\u00a0<\/p><p><b>A k\u00e9rd\u00e9sekre helyesen v\u00e1laszol\u00f3k az \u00c9rd Megyei Jog\u00fa V\u00e1ros \u00f6nkorm\u00e1nyzata \u00e1ltal kiadott \u00c9rdi Sajt\u00f3t\u00fck\u00f6r 1981\u20131982 c\u00edm\u0171 k\u00f6tetet nyerhetik meg<\/b>, amelyb\u0151l sz\u00e1mos \u00e9rdekess\u00e9get tudhatnak meg az akkor m\u00e9g fiatal v\u00e1ros h\u00e9tk\u00f6znapjair\u00f3l. V\u00e1rosunk m\u00faltj\u00e1nak m\u00e9lyebb megismer\u00e9se a jelen\u00e9t is m\u00e1s megvil\u00e1g\u00edt\u00e1sba helyezi.<\/p><p>A nyerem\u00e9nyj\u00e1t\u00e9kban r\u00e9szt vev\u0151 szem\u00e9ly az \u201eElk\u00fcld\u00e9s\u201d gombra kattint\u00e1ssal tudom\u00e1sul veszi az\u00a0<a href=\"https:\/\/erdmost.hu\/en\/gdpr\/\" target=\"_blank\" rel=\"noopener\" data-saferedirecturl=\"https:\/\/www.google.com\/url?q=https:\/\/erdmost.hu\/gdpr\/&amp;source=gmail&amp;ust=1707895565476000&amp;usg=AOvVaw3J01pfnIbAR_6ho1Du158q\">adatkezel\u00e9si t\u00e1j\u00e9koztat\u00f3ban<\/a>\u00a0\u00e9s a <a href=\"https:\/\/erdmost.hu\/en\/nyeremenyjatek-szabalyzat\/\" target=\"_blank\" rel=\"noopener\" data-saferedirecturl=\"https:\/\/www.google.com\/url?q=https:\/\/erdmost.hu\/nyeremenyjatek-szabalyzat\/&amp;source=gmail&amp;ust=1707895565476000&amp;usg=AOvVaw1D5VtaE7VT-tC5coMy2Kd9\"> nyerem\u00e9nyj\u00e1t\u00e9k szab\u00e1lyzatban<\/a> foglaltakat \u00e9s ennek ismeret\u00e9ben vesz r\u00e9szt a j\u00e1t\u00e9kban, valamint hozz\u00e1j\u00e1rul\u00e1s\u00e1t adja a szem\u00e9lyes adatot tartalmaz\u00f3 e-mail c\u00edme kezel\u00e9s\u00e9hez.<\/p><p>\u00a0Az els\u0151 200 helyes v\u00e1laszt bek\u00fcld\u0151 r\u00e9szes\u00fcl nyerem\u00e9nyben. A kv\u00edzt m\u00e1rcius 15-ig t\u00f6lthetik ki.<\/p>\t\t\t\t\t\t\t\t<\/div>\n\t\t\t\t<\/div>\n\t\t\t\t<div class=\"elementor-element elementor-element-bed613a elementor-button-info elementor-align-center elementor-widget elementor-widget-button\" data-id=\"bed613a\" data-element_type=\"widget\" data-widget_type=\"button.default\">\n\t\t\t\t<div class=\"elementor-widget-container\">\n\t\t\t\t\t\t\t\t\t<div class=\"elementor-button-wrapper\">\n\t\t\t\t\t<a class=\"elementor-button elementor-button-link elementor-size-lg\" href=\"https:\/\/docs.google.com\/forms\/d\/e\/1FAIpQLSd_nA9yDHvvLkC8Ws2i4rdnqOGzICYBOl9a33r1uL7XgmxhLA\/viewform\" target=\"_blank\">\n\t\t\t\t\t\t<span class=\"elementor-button-content-wrapper\">\n\t\t\t\t\t\t\t\t\t<span class=\"elementor-button-text\">A kv\u00edzhez kattintson ide<\/span>\n\t\t\t\t\t<\/span>\n\t\t\t\t\t<\/a>\n\t\t\t\t<\/div>\n\t\t\t\t\t\t\t\t<\/div>\n\t\t\t\t<\/div>\n\t\t\t\t<div class=\"elementor-element elementor-element-2835731 elementor-widget elementor-widget-spacer\" data-id=\"2835731\" data-element_type=\"widget\" data-widget_type=\"spacer.default\">\n\t\t\t\t<div class=\"elementor-widget-container\">\n\t\t\t\t\t\t\t<div class=\"elementor-spacer\">\n\t\t\t<div class=\"elementor-spacer-inner\"><\/div>\n\t\t<\/div>\n\t\t\t\t\t\t<\/div>\n\t\t\t\t<\/div>\n\t\t\t\t\t<\/div>\n\t\t<\/div>\n\t\t\t\t\t<\/div>\n\t\t<\/section>\n\t\t\t\t<\/div>","protected":false},"excerpt":{"rendered":"<p>\u00c9rd 46 \u00e9vvel ezel\u0151tt kapott v\u00e1rosi rangot. Erre eml\u00e9kezve az \u00f6nkorm\u00e1nyzattal k\u00f6z\u00f6sen nyerem\u00e9nyj\u00e1t\u00e9kot ind\u00edtottunk, vagyis \u00f6ssze\u00e1ll\u00edtottunk egy k\u00e9rd\u00e9ssort a telep\u00fcl\u00e9s t\u00f6rt\u00e9net\u00e9vel kapcsolatban.\u00a0 A k\u00e9rd\u00e9sekre helyesen v\u00e1laszol\u00f3k az \u00c9rd Megyei Jog\u00fa V\u00e1ros \u00f6nkorm\u00e1nyzata \u00e1ltal kiadott \u00c9rdi Sajt\u00f3t\u00fck\u00f6r 1981\u20131982 c\u00edm\u0171 k\u00f6tetet nyerhetik meg, amelyb\u0151l sz\u00e1mos \u00e9rdekess\u00e9get tudhatnak meg az akkor m\u00e9g fiatal v\u00e1ros h\u00e9tk\u00f6znapjair\u00f3l. V\u00e1rosunk m\u00faltj\u00e1nak m\u00e9lyebb [&hellip;]<\/p>\n","protected":false},"author":1,"featured_media":0,"parent":0,"menu_order":0,"comment_status":"closed","ping_status":"closed","template":"","meta":{"_acf_changed":false,"_seopress_robots_primary_cat":"","_seopress_titles_title":"","_seopress_titles_desc":"","_seopress_robots_index":"","site-sidebar-layout":"no-sidebar","site-content-layout":"page-builder","ast-site-content-layout":"default","site-content-style":"default","site-sidebar-style":"default","ast-global-header-display":"","ast-banner-title-visibility":"","ast-main-header-display":"","ast-hfb-above-header-display":"","ast-hfb-below-header-display":"","ast-hfb-mobile-header-display":"","site-post-title":"disabled","ast-breadcrumbs-content":"","ast-featured-img":"disabled","footer-sml-layout":"","ast-disable-related-posts":"","theme-transparent-header-meta":"","adv-header-id-meta":"","stick-header-meta":"","header-above-stick-meta":"","header-main-stick-meta":"","header-below-stick-meta":"","astra-migrate-meta-layouts":"default","ast-page-background-enabled":"default","ast-page-background-meta":{"desktop":{"background-color":"","background-image":"","background-repeat":"repeat","background-position":"center center","background-size":"auto","background-attachment":"scroll","background-type":"","background-media":"","overlay-type":"","overlay-color":"","overlay-opacity":"","overlay-gradient":""},"tablet":{"background-color":"","background-image":"","background-repeat":"repeat","background-position":"center center","background-size":"auto","background-attachment":"scroll","background-type":"","background-media":"","overlay-type":"","overlay-color":"","overlay-opacity":"","overlay-gradient":""},"mobile":{"background-color":"","background-image":"","background-repeat":"repeat","background-position":"center center","background-size":"auto","background-attachment":"scroll","background-type":"","background-media":"","overlay-type":"","overlay-color":"","overlay-opacity":"","overlay-gradient":""}},"ast-content-background-meta":{"desktop":{"background-color":"var(--ast-global-color-5)","background-image":"","background-repeat":"repeat","background-position":"center center","background-size":"auto","background-attachment":"scroll","background-type":"","background-media":"","overlay-type":"","overlay-color":"","overlay-opacity":"","overlay-gradient":""},"tablet":{"background-color":"var(--ast-global-color-5)","background-image":"","background-repeat":"repeat","background-position":"center center","background-size":"auto","background-attachment":"scroll","background-type":"","background-media":"","overlay-type":"","overlay-color":"","overlay-opacity":"","overlay-gradient":""},"mobile":{"background-color":"var(--ast-global-color-5)","background-image":"","background-repeat":"repeat","background-position":"center center","background-size":"auto","background-attachment":"scroll","background-type":"","background-media":"","overlay-type":"","overlay-color":"","overlay-opacity":"","overlay-gradient":""}},"footnotes":""},"class_list":["post-89975","page","type-page","status-publish","hentry"],"acf":[],"_links":{"self":[{"href":"https:\/\/erdmost.hu\/en\/wp-json\/wp\/v2\/pages\/89975","targetHints":{"allow":["GET"]}}],"collection":[{"href":"https:\/\/erdmost.hu\/en\/wp-json\/wp\/v2\/pages"}],"about":[{"href":"https:\/\/erdmost.hu\/en\/wp-json\/wp\/v2\/types\/page"}],"author":[{"embeddable":true,"href":"https:\/\/erdmost.hu\/en\/wp-json\/wp\/v2\/users\/1"}],"replies":[{"embeddable":true,"href":"https:\/\/erdmost.hu\/en\/wp-json\/wp\/v2\/comments?post=89975"}],"version-history":[{"count":5,"href":"https:\/\/erdmost.hu\/en\/wp-json\/wp\/v2\/pages\/89975\/revisions"}],"predecessor-version":[{"id":89984,"href":"https:\/\/erdmost.hu\/en\/wp-json\/wp\/v2\/pages\/89975\/revisions\/89984"}],"wp:attachment":[{"href":"https:\/\/erdmost.hu\/en\/wp-json\/wp\/v2\/media?parent=89975"}],"curies":[{"name":"wp","href":"https:\/\/api.w.org\/{rel}","templated":true}]}}