{"id":89933,"date":"2024-02-12T17:58:41","date_gmt":"2024-02-12T16:58:41","guid":{"rendered":"https:\/\/erdmost.hu\/?page_id=89933"},"modified":"2024-02-12T17:59:13","modified_gmt":"2024-02-12T16:59:13","slug":"nyeremenyjatek-szabalyzat","status":"publish","type":"page","link":"https:\/\/erdmost.hu\/en\/nyeremenyjatek-szabalyzat\/","title":{"rendered":"Nyerem\u00e9nyj\u00e1t\u00e9k szab\u00e1lyzat"},"content":{"rendered":"<p style=\"text-align: center;\"><strong>\u00c9RD M\u00c9DIACENTRUM <\/strong><\/p>\n<p style=\"text-align: center;\"><strong>Nyerem\u00e9nyj\u00e1t\u00e9k szab\u00e1lyzat<\/strong><\/p>\n<p>&nbsp;<\/p>\n<p>A nyerem\u00e9nyj\u00e1t\u00e9k szab\u00e1lyzat (a tov\u00e1bbiakban: J\u00e1t\u00e9kszab\u00e1lyzat) vonatkozik <strong>\u00c9rd M\u00e9diacentrum K\u00f6zhaszn\u00fa Nonprofit Kft.<\/strong> (sz\u00e9khelye: 2030 \u00c9rd, M\u00e1ria utca 1., c\u00e9gjegyz\u00e9ksz\u00e1ma: 13-09-104357, ad\u00f3sz\u00e1ma: 13544359-2-13) j\u00e1t\u00e9kszervez\u0151 \u00e9s lebonyol\u00edt\u00f3ja \u00e1ltal az al\u00e1bbi m\u00e9diafel\u00fcleteken szervezett, egyes kis \u00e9rt\u00e9k\u0171 t\u00e1rgynyerem\u00e9nyek J\u00e1t\u00e9kosok \u00e1ltali megszerz\u00e9s\u00e9t eredm\u00e9nyez\u0151 nyerem\u00e9nyj\u00e1t\u00e9kokra terjed (tov\u00e1bbiakban: <strong>J\u00e1t\u00e9k<\/strong>) a jelen Szab\u00e1lyzatban meghat\u00e1rozott felt\u00e9telekkel.<\/p>\n<ul>\n<li>\u00c9RD FM 101.3 (tov\u00e1bbiakban: R\u00e1di\u00f3)<\/li>\n<li>\u00c9rdi \u00dajs\u00e1g (tov\u00e1bbiakban: \u00dajs\u00e1g)<\/li>\n<li>erdmost.hu<\/li>\n<\/ul>\n<p>A J\u00e1t\u00e9kban r\u00e9szt vehet minden 16. \u00e9let\u00e9v\u00e9t bet\u00f6lt\u00f6tt, cselekv\u0151k\u00e9pes term\u00e9szetes szem\u00e9ly, aki a jelen J\u00e1t\u00e9kszab\u00e1lyzatban foglalt valamennyi felt\u00e9telnek marad\u00e9ktalanul megfelel, \u00e9s akivel szemben nem \u00e1ll fenn a J\u00e1t\u00e9kb\u00f3l t\u00f6rt\u00e9n\u0151 kiz\u00e1r\u00e1s b\u00e1rmely felt\u00e9tele (tov\u00e1bbiakban: <strong>J\u00e1t\u00e9kos<\/strong>).<\/p>\n<p>A J\u00e1t\u00e9kban nem vehetnek r\u00e9szt a szervez\u0151 tulajdonosai, vezet\u0151 tiszts\u00e9gvisel\u0151i, munkav\u00e1llal\u00f3i, megb\u00edzottjai, valamint azok k\u00f6zeli hozz\u00e1tartoz\u00f3i (2013. \u00e9vi V. t\u00f6rv\u00e9ny 8:1. \u00a7 (1) bekezd\u00e9s 1. pontja).<\/p>\n<p>Kiz\u00e1r\u00e1sra ker\u00fcl, aki b\u00e1rmilyen m\u00f3don vesz\u00e9lyezteti a J\u00e1t\u00e9k tisztess\u00e9ges lebonyol\u00edt\u00e1s\u00e1t, illetve a jelen J\u00e1t\u00e9kszab\u00e1lyzatban r\u00e9szletezett, nyerem\u00e9nyj\u00e1t\u00e9k c\u00e9l\u00fa adatkezel\u00e9si hozz\u00e1j\u00e1rul\u00e1st a J\u00e1t\u00e9k id\u0151tartama alatt visszavonja. A kiz\u00e1r\u00e1s t\u00e9ny\u00e9r\u0151l a szervez\u0151 k\u00fcl\u00f6n nem \u00e9rtes\u00edti a J\u00e1t\u00e9kost. A J\u00e1t\u00e9kos kijelenti, hogy a J\u00e1t\u00e9kra t\u00f6rt\u00e9n\u0151 jelentkez\u00e9s sor\u00e1n megadott adatai megfelelnek a val\u00f3s\u00e1gnak. A J\u00e1t\u00e9kban val\u00f3 r\u00e9szv\u00e9tel \u00f6nk\u00e9ntes \u00e9s ingyenes.<\/p>\n<p>A J\u00e1t\u00e9kban az vehet r\u00e9szt, aki a J\u00e1t\u00e9kra t\u00f6rt\u00e9n\u0151 felh\u00edv\u00e1sban meghat\u00e1rozott hat\u00e1rid\u0151ben a felh\u00edv\u00e1sban meghat\u00e1rozott m\u00f3don (jellemz\u0151en k\u00f6z\u00f6ss\u00e9gi oldalakon vagy SMS \u00fatj\u00e1n) jelentkezik a J\u00e1t\u00e9kra, valamint elfogadja a jelen J\u00e1t\u00e9kszab\u00e1lyzatot a benne foglalt adatkezel\u00e9si szab\u00e1lyzattal egy\u00fctt, tov\u00e1bb\u00e1 megfelel a jelen J\u00e1t\u00e9kszab\u00e1lyzatban le\u00edrtaknak \u00e9s nem ker\u00fcl a J\u00e1t\u00e9kb\u00f3l kiz\u00e1r\u00e1sra.<\/p>\n<p>A J\u00e1t\u00e9k id\u0151tartama: Az egyedi J\u00e1t\u00e9kfelh\u00edv\u00e1sban meghat\u00e1rozott id\u0151tartam. A J\u00e1t\u00e9kban r\u00e9szt venni, arra jelentkezni a J\u00e1t\u00e9kfelh\u00edv\u00e1sban r\u00f6gz\u00edtettek szerint lehets\u00e9ges.<\/p>\n<p>Jelentkez\u00e9s a j\u00e1t\u00e9kra: A J\u00e1t\u00e9kosok k\u00f6z\u00fcl a nyerem\u00e9nysorsol\u00e1son kiz\u00e1r\u00f3lag azok vehetnek r\u00e9szt, akik a jelen J\u00e1t\u00e9kszab\u00e1lyzatban meghat\u00e1rozott r\u00e9szv\u00e9teli felt\u00e9teleket egy\u00fcttesen \u00e9s marad\u00e9ktalanul teljes\u00edtik.<\/p>\n<p>A J\u00e1t\u00e9k r\u00e9szv\u00e9teli felt\u00e9telei:<\/p>\n<ul>\n<li>A J\u00e1t\u00e9kban azok vehetnek r\u00e9szt, akik a J\u00e1t\u00e9k id\u0151tartama alatt a felh\u00edv\u00e1snak megfelel\u0151en jelentkeznek a J\u00e1t\u00e9kra a k\u00e9rt adatok hi\u00e1nytalan, val\u00f3s\u00e1gnak megfelel\u0151en t\u00f6rt\u00e9n\u0151 megad\u00e1s\u00e1val, oly m\u00f3don, hogy az adatok sz\u00fcks\u00e9g szerint a J\u00e1t\u00e9kos szem\u00e9lyazonos\u00edt\u00f3 okm\u00e1ny\u00e1val bizony\u00edthat\u00f3k legyenek.<\/li>\n<li>A J\u00e1t\u00e9kban &#8211; erre ir\u00e1nyul\u00f3 k\u00e9r\u00e9s felh\u00edv\u00e1s eset\u00e9n &#8211; azok vehetnek r\u00e9szt, akik a regisztr\u00e1ci\u00f3s adataikat a J\u00e1t\u00e9k id\u0151tartam\u00e1nak v\u00e9g\u00e9ig hiteles\u00edtik.<\/li>\n<li>A J\u00e1t\u00e9k sor\u00e1n feltett k\u00e9rd\u00e9sre a J\u00e1t\u00e9kosnak helyesen kell v\u00e1laszolnia.<\/li>\n<li>A jelen szab\u00e1lyzatban meghat\u00e1rozottak szerint a J\u00e1t\u00e9kos szem\u00e9lyes adatainak nyerem\u00e9nyj\u00e1t\u00e9k c\u00e9l\u00fa kezel\u00e9s\u00e9hez t\u00f6rt\u00e9n\u0151 hozz\u00e1j\u00e1rul\u00e1s megad\u00e1sa \u00e9s sorsol\u00e1sig t\u00f6rt\u00e9n\u0151 folyamatos fenntart\u00e1sa sz\u00fcks\u00e9ges<\/li>\n<li>Egy J\u00e1t\u00e9kos egy legfeljebb egyszer regisztr\u00e1lhat a J\u00e1t\u00e9kba, \u00e9s vehet r\u00e9szt a J\u00e1t\u00e9kban.<\/li>\n<li>A J\u00e1t\u00e9kosok a jelentkez\u00e9s sor\u00e1n megadott adataik \u00fatj\u00e1n ker\u00fclnek azonos\u00edt\u00e1sra, \u00edgy az adatok esetleges v\u00e1ltoz\u00e1saib\u00f3l ered\u0151, a Szervez\u0151 \u00e9rdekk\u00f6r\u00e9n k\u00edv\u00fcl es\u0151, technikai probl\u00e9m\u00e1k\u00e9rt a Szervez\u0151t semmilyen felel\u0151ss\u00e9g nem terheli.<\/li>\n<li>Azok a J\u00e1t\u00e9kra t\u00f6rt\u00e9n\u0151 jelentkez\u00e9sek, amelyek a J\u00e1t\u00e9kszab\u00e1lyzatban le\u00edrt alaki \u00e9s tartalmi el\u0151\u00edr\u00e1soknak nem felelnek meg, a J\u00e1t\u00e9kb\u00f3l automatikusan kiz\u00e1r\u00e1sra ker\u00fclnek. Szervez\u0151 a nem val\u00f3s adatokat megad\u00f3 r\u00e9sztvev\u0151ket automatikusan kiz\u00e1rja a J\u00e1t\u00e9kb\u00f3l. A J\u00e1t\u00e9kra t\u00f6rt\u00e9n\u0151 jelentkez\u00e9s a r\u00e9szv\u00e9teli felt\u00e9telek teljes\u00fcl\u00e9se hi\u00e1ny\u00e1ban nem \u00e9rv\u00e9nyes, azt a szervez\u0151nek nem \u00e1ll m\u00f3dj\u00e1ban elfogadni, \u00e9s a J\u00e1t\u00e9kos nem vehet r\u00e9szt a sorsol\u00e1son.<\/li>\n<\/ul>\n<p>A nyerem\u00e9ny nyertes\u00e9t\/nyerteseit (<strong>Nyertes<\/strong>) a nyerem\u00e9nnyel kapcsolatosan nem terheli szem\u00e9lyi j\u00f6vedelemad\u00f3-fizet\u00e9si k\u00f6telezetts\u00e9g. A nyerem\u00e9ny kapcs\u00e1n keletkez\u0151 SZJA el\u0151leget a Szervez\u0151 a hat\u00e1lyos ad\u00f3t\u00f6rv\u00e9nyek alapj\u00e1n meg\u00e1llap\u00edtja, \u00e9s befizeti az illet\u00e9kes ad\u00f3hat\u00f3s\u00e1g r\u00e9sz\u00e9re. A nyerem\u00e9ny ig\u00e9nyl\u00e9s\u00e9vel \u00e9s felhaszn\u00e1l\u00e1s\u00e1val \u00f6sszef\u00fcgg\u00e9sben esetlegesen felmer\u00fcl\u0151 egy\u00e9b k\u00f6lts\u00e9gek (pl. elsz\u00e1ll\u00edt\u00e1s) \u00e9s kiad\u00e1sok a Nyertest terhelik. A Nyertes a nyerem\u00e9ny esetleges meghib\u00e1sod\u00e1sa vagy b\u00e1rmely jellemz\u0151je miatt a term\u00e9k gy\u00e1rt\u00f3j\u00e1hoz \u00e9s a nyerem\u00e9nyt biztos\u00edt\u00f3 m\u00e1rkakeresked\u0151h\u00f6z fordulhat. A Szervez\u0151 a nyerem\u00e9nyek tekintet\u00e9ben szavatoss\u00e1got nem v\u00e1llal, a Nyertes ilyen ig\u00e9ny\u00e9t jogszab\u00e1lyi keretek k\u00f6z\u00f6tt a nyerem\u00e9ny gy\u00e1rt\u00f3j\u00e1val\/forgalmaz\u00f3j\u00e1val szemben \u00e9rv\u00e9nyes\u00edtheti. A Szervez\u0151 a nyerem\u00e9nnyel kapcsolatos ad\u00f3k\u00f6telezetts\u00e9gek teljes\u00edt\u00e9s\u00e9hez tov\u00e1bbi szem\u00e9lyes adatok megad\u00e1s\u00e1t k\u00e9rheti. A nyerem\u00e9nnyel kapcsolatban felmer\u00fcl\u0151 ad\u00f3k\u00f6telezetts\u00e9g teljes\u00edt\u00e9se sor\u00e1n a szervez\u0151 \u00e9s a J\u00e1t\u00e9kos k\u00f6telesek egy\u00fcttm\u0171k\u00f6dni. Szervez\u0151 v\u00e1llalja, hogy kifizeti a nyerem\u00e9nyre esetlegesen k\u00f6zvetlen\u00fcl alkalmazand\u00f3 szem\u00e9lyi j\u00f6vedelemad\u00f3t \u00e9s a nyerem\u00e9nnyel kapcsolatban k\u00f6zvetlen\u00fcl felmer\u00fcl\u0151 tov\u00e1bbi ad\u00f3 vagy egy\u00e9b esetleges j\u00e1rul\u00e9k megfizet\u00e9s\u00e9t is v\u00e1llalja. A szervez\u0151 nem v\u00e1llalja a nyerem\u00e9nnyel kapcsolatosan felmer\u00fcl\u0151 egy\u00e9b k\u00f6lts\u00e9gek megfizet\u00e9s\u00e9t.<\/p>\n<p>Amennyiben a Nyertes kiv\u00e1laszt\u00e1s\u00e1ra sorsol\u00e1s \u00fatj\u00e1n ker\u00fcl sor, a sorsol\u00e1s egy v\u00e9letlenszer\u0171s\u00e9g elve alapj\u00e1n m\u0171k\u00f6d\u0151 sz\u00e1m\u00edt\u00f3g\u00e9pes programmal t\u00f6rt\u00e9nik (RNG), vagy el\u0151re meghat\u00e1rozott szab\u00e1lyszer\u0171s\u00e9ggel t\u00f6rt\u00e9n\u0151 kiv\u00e1laszt\u00e1ssal. A sorsol\u00e1s nem nyilv\u00e1nos. A nyerem\u00e9nysorsol\u00e1son t\u00f6rt\u00e9n\u0151 r\u00e9szv\u00e9telre nem jogosult az a J\u00e1t\u00e9kos, aki a jelen J\u00e1t\u00e9kszab\u00e1lyzatban meghat\u00e1rozott nyerem\u00e9nyj\u00e1t\u00e9k c\u00e9l\u00fa adatkezel\u00e9si hozz\u00e1j\u00e1rul\u00e1st a sorsol\u00e1s el\u0151tt visszavonja.<\/p>\n<p>A Nyerteseket a J\u00e1t\u00e9kra t\u00f6rt\u00e9n\u0151 jelentkez\u00e9skor megadott e-mail c\u00edmen vagy egy\u00e9b el\u00e9rhet\u0151s\u00e9gen \u00e9rtes\u00edtj\u00fck. A J\u00e1t\u00e9kos k\u00f6teles egy\u00fcttm\u0171k\u00f6dni a szervez\u0151vel a nyerem\u00e9ny \u00e1tv\u00e9tele, illetve ig\u00e9nybev\u00e9tele \u00e9rdek\u00e9ben. Amennyiben ennek nem tesz eleget, \u00e9s a nyerem\u00e9ny \u00e1tv\u00e9tele meghi\u00fasul, a nyerem\u00e9ny a tov\u00e1bbiakban nem vehet\u0151 \u00e1t, illetve nem vehet\u0151 ig\u00e9nybe, \u00e9s a szervez\u0151t semmilyen felel\u0151ss\u00e9g nem terheli. A nyerem\u00e9nyek k\u00e9zbes\u00edt\u00e9s\u00e9vel kapcsolatos \u00e9szrev\u00e9telek \u00e9s reklam\u00e1ci\u00f3k a szervez\u0151n\u00e9l tehet\u0151k meg. A nyertes a nyerem\u00e9nyt teljes bizony\u00edt\u00f3 erej\u0171 mag\u00e1nokiratban vagy k\u00f6zokiratban r\u00f6gz\u00edtett nyilatkozattal visszautas\u00edthatja. A nyerem\u00e9ny visszautas\u00edt\u00e1s\u00e1r\u00f3l a nyertes az okirat megk\u00fcld\u00e9s\u00e9vel halad\u00e9ktalanul k\u00f6teles t\u00e1j\u00e9koztatni a szervez\u0151t az okirat szem\u00e9lyes bemutat\u00e1s\u00e1val vagy postai be\u00e9rkez\u00e9s\u00e9vel. A nyerem\u00e9nyt a nyertes J\u00e1t\u00e9kos helyett k\u00f6zokiratba vagy mag\u00e1nokiratba foglalt meghatalmaz\u00e1ssal meghatalmazottja is \u00e1tveheti.<\/p>\n<p>A jelen J\u00e1t\u00e9kban a szem\u00e9lyes adatok felv\u00e9tele a J\u00e1t\u00e9kosok \u00f6nk\u00e9ntes hozz\u00e1j\u00e1rul\u00e1s\u00e1n, a nyertes J\u00e1t\u00e9kos(ok) szem\u00e9lyes adatainak kezel\u00e9se az ad\u00f3z\u00e1s rendj\u00e9r\u0151l sz\u00f3l\u00f3 2003. \u00e9vi XCII. t\u00f6rv\u00e9nyen, a sz\u00e1mvitelr\u0151l sz\u00f3l\u00f3 2000. \u00e9vi C. t\u00f6rv\u00e9nyen \u00e9s a szem\u00e9lyi j\u00f6vedelemad\u00f3r\u00f3l sz\u00f3l\u00f3 1995. \u00e9vi CXVII. t\u00f6rv\u00e9nyen alapul.<\/p>\n<p>A J\u00e1t\u00e9kosok \u00e1ltal a J\u00e1t\u00e9k sor\u00e1n megadott adatok kezel\u0151je a J\u00e1t\u00e9k szervez\u0151je \u00e9s lebonyol\u00edt\u00f3ja, azaz az <strong>\u00c9rd M\u00e9diacentrum K\u00f6zhaszn\u00fa Nonprofit Kft.<\/strong> (sz\u00e9khelye: 2030 \u00c9rd, M\u00e1ria utca 1., c\u00e9gjegyz\u00e9ksz\u00e1ma: 13-09-104357, ad\u00f3sz\u00e1ma: 13544359-2-13), mint adatkezel\u0151.<\/p>\n<p>A J\u00e1t\u00e9kosok a J\u00e1t\u00e9kban val\u00f3 r\u00e9szv\u00e9tellel tudom\u00e1sul veszik \u00e9s kifejezetten hozz\u00e1j\u00e1rulnak ahhoz, hogy szem\u00e9lyes adataikat Szervez\u0151 az al\u00e1bbiakban szerint kezelje:<\/p>\n<ul>\n<li>a Nyertesek kiv\u00e9tel\u00e9vel a J\u00e1t\u00e9k lebonyol\u00edt\u00e1sa c\u00e9lj\u00e1b\u00f3l a J\u00e1t\u00e9kosok \u00e1ltal megadott adatokat a sorsol\u00e1sig;<\/li>\n<li>a Nyertesek vonatkoz\u00e1s\u00e1ban a J\u00e1t\u00e9k v\u00e9g\u00e9t k\u00f6vet\u0151 60 napig kapcsolattart\u00e1s, a Nyertes \u00e9rtes\u00edt\u00e9se, tov\u00e1bb\u00e1 a nyerem\u00e9ny k\u00e9zbes\u00edt\u00e9se c\u00e9lj\u00e1b\u00f3l;<\/li>\n<li>a Nyertesek n\u00e9v \u00e9s e-mail c\u00edm adatait tartalmaz\u00f3 jegyz\u0151k\u00f6nyv \u00e9s a sz\u00e1mfejt\u00e9shez sz\u00fcks\u00e9ges adatok vonatkoz\u00e1s\u00e1ban a sz\u00e1mviteli k\u00f6telezetts\u00e9gek teljes\u00edt\u00e9se \u00e9rdek\u00e9ben a 2000. \u00e9vi C. t\u00f6rv\u00e9ny 169.\u00a7-a alapj\u00e1n 8 \u00e9vig, illetve az ad\u00f3z\u00e1s rendj\u00e9r\u0151l sz\u00f3l\u00f3 2003. \u00e9vi XCII. t\u00f6rv\u00e9nyben meghat\u00e1rozott (202-203.\u00a7) el\u00e9v\u00fcl\u00e9si ideig meg\u0151rizze.<\/li>\n<\/ul>\n<p>A nyerem\u00e9nyj\u00e1t\u00e9kban val\u00f3 r\u00e9szv\u00e9tellel, illetve a nyerem\u00e9nyj\u00e1t\u00e9kra t\u00f6rt\u00e9n\u0151 jelentkez\u00e9ssel a j\u00e1t\u00e9kosok jelen Szab\u00e1lyzatot elfogadj\u00e1k.<\/p>\n<p>A nyerem\u00e9nyj\u00e1t\u00e9kban val\u00f3 r\u00e9szv\u00e9tel sor\u00e1n a J\u00e1t\u00e9kosoknak lehet\u0151s\u00e9g\u00fck van \u00f6nk\u00e9ntesen k\u00fcl\u00f6n hozz\u00e1j\u00e1rulniuk ahhoz, hogy a Szervez\u0151 rekl\u00e1m tartalm\u00fa k\u00f6zvetlen \u00fczletszerz\u00e9si, illetve marketing c\u00e9l\u00fa megkeres\u00e9st, valamint a Szervez\u0151 saj\u00e1t vagy \u00fczleti partnerei aj\u00e1nlatait, szolg\u00e1ltat\u00e1sait tartalmaz\u00f3, statisztikai adatk\u00e9pz\u00e9st c\u00e9lz\u00f3 k\u00e9rd\u0151\u00edveket, a szolg\u00e1ltat\u00e1ssal val\u00f3 el\u00e9gedetts\u00e9get m\u00e9r\u0151 e-mailt k\u00fcldj\u00f6n 5 a megadott e-mail el\u00e9rhet\u0151s\u00e9gre. Amennyiben valamely J\u00e1t\u00e9kos adatai ilyen c\u00e9l\u00fa j\u00f6v\u0151beli kezel\u00e9s\u00e9t meg k\u00edv\u00e1nja tiltani, a hozz\u00e1j\u00e1rul\u00e1s visszavon\u00e1s\u00e1t Szervez\u0151h\u00f6z k\u00fcld\u00f6tt postai vagy e-mail k\u00fcldem\u00e9nnyel az adatkezeles@erdmediacentrum.hu e-mail c\u00edmen kezdem\u00e9nyezheti.<\/p>\n<p>Szervez\u0151, mint adatkezel\u0151 a GDPR (2016\/679 EU Rendelet) 15-18. cikk alapj\u00e1n b\u00e1rmikor lehet\u0151s\u00e9get biztos\u00edt a J\u00e1t\u00e9kosnak arra, hogy t\u00e1j\u00e9koztat\u00e1st k\u00e9rjen szem\u00e9lyes adatai kezel\u00e9s\u00e9r\u0151l, \u00e9s hozz\u00e1f\u00e9rhet szem\u00e9lyes adataihoz, k\u00e9rje azok t\u00f6rl\u00e9s\u00e9t, helyesb\u00edt\u00e9s\u00e9t a k\u00f6vetkez\u0151 el\u00e9rhet\u0151s\u00e9geken: 2030 \u00c9rd, M\u00e1ria utca 1. c\u00edmen vagy az adatkezeles@erdmediacentrum.hu e-mail c\u00edmen.<\/p>\n<p>Ezen k\u00edv\u00fcl a J\u00e1t\u00e9kost megilleti a szem\u00e9lyes adatai kezel\u00e9se elleni tiltakoz\u00e1s, tov\u00e1bb\u00e1 a kezelt adatok korl\u00e1toz\u00e1s\u00e1nak joga is. A J\u00e1t\u00e9kos az adatkezel\u00e9ssel \u00f6sszef\u00fcgg\u0151 panaszok, illetve jogainak megs\u00e9rt\u00e9se eset\u00e9n jogosult a Nemzeti Adatv\u00e9delmi \u00e9s Inform\u00e1ci\u00f3szabads\u00e1g Hat\u00f3s\u00e1gn\u00e1l (1125 Budapest, Szil\u00e1gyi Erzs\u00e9bet fasor 22\/C, naih.hu, ugyfelszolgalat@naih.hu, +36-1-391-1410) panaszt tenni, illetve b\u00edr\u00f3s\u00e1ghoz (Szervez\u0151 sz\u00e9khelye vagy az \u00e9rintett lak\u00f3helye vagy tart\u00f3zkod\u00e1si helye szerinti t\u00f6rv\u00e9nysz\u00e9khez) fordulni. A Szervez\u0151 megteszi a sz\u00fcks\u00e9ges technikai \u00e9s szervez\u00e9si int\u00e9zked\u00e9seket, \u00e9s megfelel\u0151 elj\u00e1r\u00e1si szab\u00e1lyokat alak\u00edt ki annak \u00e9rdek\u00e9ben, hogy biztos\u00edtsa a szem\u00e9lyes adatok biztons\u00e1g\u00e1t az adatkezel\u00e9s teljes folyamata sor\u00e1n. Az adatok helyt\u00e1ll\u00f3s\u00e1g\u00e1t a J\u00e1t\u00e9kra t\u00f6rt\u00e9n\u0151 jelentkez\u00e9s sor\u00e1n (vagy azt k\u00f6vet\u0151en) a Szervez\u0151nek \u00e1ltal\u00e1ban nem \u00e1ll m\u00f3dj\u00e1ban ellen\u0151rizni. Ezzel kapcsolatban a felel\u0151ss\u00e9g, \u00e9s minden ezzel j\u00e1r\u00f3 jogi \u00e9s anyagi k\u00f6vetkezm\u00e9ny minden esetben kiz\u00e1r\u00f3lag a J\u00e1t\u00e9kosokat terheli. A Szervez\u0151 kiz\u00e1r minden felel\u0151ss\u00e9get b\u00e1rmilyen k\u00e1rt\u00e9r\u00edt\u00e9si, k\u00e1rtalan\u00edt\u00e1si ig\u00e9ny\u00e9rt a J\u00e1t\u00e9kokban val\u00f3 r\u00e9szv\u00e9tel sor\u00e1n, a J\u00e1t\u00e9k esetleges hib\u00e1ib\u00f3l, hi\u00e1nyoss\u00e1gaib\u00f3l, hib\u00e1s m\u0171k\u00f6d\u00e9s\u00e9b\u0151l, a J\u00e1t\u00e9k sor\u00e1n bek\u00f6vetkezett k\u00e9s\u00e9sekb\u0151l ered\u0151 vagy ahhoz kapcsol\u00f3d\u00f3 k\u00f6lts\u00e9gek\u00e9rt, k\u00e1rok\u00e9rt, vesztes\u00e9gek\u00e9rt. A J\u00e1t\u00e9kos a J\u00e1t\u00e9kban t\u00f6rt\u00e9n\u0151 r\u00e9szv\u00e9tellel kifejezetten lemond a J\u00e1t\u00e9k lebonyol\u00edt\u00e1s\u00e1val, a nyerem\u00e9nyekkel, a nyertesekkel kapcsolatos, a Szervez\u0151vel vagy b\u00e1rmely harmadik szem\u00e9llyel szembeni ig\u00e9ny\u00e9rv\u00e9nyes\u00edt\u00e9sr\u0151l kiv\u00e9ve, ha ezt a magyar jogszab\u00e1lyok kifejezett rendelkez\u00e9ssel tiltj\u00e1k. A szervez\u0151 fenntartja mag\u00e1nak a jogot a jelen J\u00e1t\u00e9kszab\u00e1lyzat megv\u00e1ltoztat\u00e1s\u00e1ra. A J\u00e1t\u00e9kszab\u00e1lyzat el\u00e9rhet\u0151 a www. erdmost.hu fel\u00fcleten. Amennyiben valamely j\u00e1t\u00e9kkal kapcsolatban k\u00e9rd\u00e9st k\u00edv\u00e1n feltenni, \u00edrjon a J\u00e1t\u00e9kra t\u00f6rt\u00e9n\u0151 jelentkez\u00e9skor megadott el\u00e9rhet\u0151s\u00e9gr\u0151l adatkezeles@erdmediacentrum.hu e-mail c\u00edmre.<\/p>\n<p>&nbsp;<\/p>\n<p>&nbsp;<\/p>","protected":false},"excerpt":{"rendered":"<p>\u00c9RD M\u00c9DIACENTRUM Nyerem\u00e9nyj\u00e1t\u00e9k szab\u00e1lyzat &nbsp; A nyerem\u00e9nyj\u00e1t\u00e9k szab\u00e1lyzat (a tov\u00e1bbiakban: J\u00e1t\u00e9kszab\u00e1lyzat) vonatkozik \u00c9rd M\u00e9diacentrum K\u00f6zhaszn\u00fa Nonprofit Kft. (sz\u00e9khelye: 2030 \u00c9rd, M\u00e1ria utca 1., c\u00e9gjegyz\u00e9ksz\u00e1ma: 13-09-104357, ad\u00f3sz\u00e1ma: 13544359-2-13) j\u00e1t\u00e9kszervez\u0151 \u00e9s lebonyol\u00edt\u00f3ja \u00e1ltal az al\u00e1bbi m\u00e9diafel\u00fcleteken szervezett, egyes kis \u00e9rt\u00e9k\u0171 t\u00e1rgynyerem\u00e9nyek J\u00e1t\u00e9kosok \u00e1ltali megszerz\u00e9s\u00e9t eredm\u00e9nyez\u0151 nyerem\u00e9nyj\u00e1t\u00e9kokra terjed (tov\u00e1bbiakban: J\u00e1t\u00e9k) a jelen Szab\u00e1lyzatban meghat\u00e1rozott felt\u00e9telekkel. \u00c9RD FM 101.3 [&hellip;]<\/p>\n","protected":false},"author":1,"featured_media":0,"parent":0,"menu_order":0,"comment_status":"closed","ping_status":"closed","template":"","meta":{"_acf_changed":false,"_seopress_robots_primary_cat":"","_seopress_titles_title":"","_seopress_titles_desc":"","_seopress_robots_index":"","site-sidebar-layout":"default","site-content-layout":"default","ast-site-content-layout":"default","site-content-style":"default","site-sidebar-style":"default","ast-global-header-display":"","ast-banner-title-visibility":"","ast-main-header-display":"","ast-hfb-above-header-display":"","ast-hfb-below-header-display":"","ast-hfb-mobile-header-display":"","site-post-title":"disabled","ast-breadcrumbs-content":"","ast-featured-img":"","footer-sml-layout":"","ast-disable-related-posts":"","theme-transparent-header-meta":"default","adv-header-id-meta":"","stick-header-meta":"","header-above-stick-meta":"","header-main-stick-meta":"","header-below-stick-meta":"","astra-migrate-meta-layouts":"default","ast-page-background-enabled":"default","ast-page-background-meta":{"desktop":{"background-color":"","background-image":"","background-repeat":"repeat","background-position":"center center","background-size":"auto","background-attachment":"scroll","background-type":"","background-media":"","overlay-type":"","overlay-color":"","overlay-opacity":"","overlay-gradient":""},"tablet":{"background-color":"","background-image":"","background-repeat":"repeat","background-position":"center center","background-size":"auto","background-attachment":"scroll","background-type":"","background-media":"","overlay-type":"","overlay-color":"","overlay-opacity":"","overlay-gradient":""},"mobile":{"background-color":"","background-image":"","background-repeat":"repeat","background-position":"center center","background-size":"auto","background-attachment":"scroll","background-type":"","background-media":"","overlay-type":"","overlay-color":"","overlay-opacity":"","overlay-gradient":""}},"ast-content-background-meta":{"desktop":{"background-color":"var(--ast-global-color-5)","background-image":"","background-repeat":"repeat","background-position":"center center","background-size":"auto","background-attachment":"scroll","background-type":"","background-media":"","overlay-type":"","overlay-color":"","overlay-opacity":"","overlay-gradient":""},"tablet":{"background-color":"var(--ast-global-color-5)","background-image":"","background-repeat":"repeat","background-position":"center center","background-size":"auto","background-attachment":"scroll","background-type":"","background-media":"","overlay-type":"","overlay-color":"","overlay-opacity":"","overlay-gradient":""},"mobile":{"background-color":"var(--ast-global-color-5)","background-image":"","background-repeat":"repeat","background-position":"center center","background-size":"auto","background-attachment":"scroll","background-type":"","background-media":"","overlay-type":"","overlay-color":"","overlay-opacity":"","overlay-gradient":""}},"footnotes":""},"class_list":["post-89933","page","type-page","status-publish","hentry"],"acf":[],"_links":{"self":[{"href":"https:\/\/erdmost.hu\/en\/wp-json\/wp\/v2\/pages\/89933","targetHints":{"allow":["GET"]}}],"collection":[{"href":"https:\/\/erdmost.hu\/en\/wp-json\/wp\/v2\/pages"}],"about":[{"href":"https:\/\/erdmost.hu\/en\/wp-json\/wp\/v2\/types\/page"}],"author":[{"embeddable":true,"href":"https:\/\/erdmost.hu\/en\/wp-json\/wp\/v2\/users\/1"}],"replies":[{"embeddable":true,"href":"https:\/\/erdmost.hu\/en\/wp-json\/wp\/v2\/comments?post=89933"}],"version-history":[{"count":1,"href":"https:\/\/erdmost.hu\/en\/wp-json\/wp\/v2\/pages\/89933\/revisions"}],"predecessor-version":[{"id":89936,"href":"https:\/\/erdmost.hu\/en\/wp-json\/wp\/v2\/pages\/89933\/revisions\/89936"}],"wp:attachment":[{"href":"https:\/\/erdmost.hu\/en\/wp-json\/wp\/v2\/media?parent=89933"}],"curies":[{"name":"wp","href":"https:\/\/api.w.org\/{rel}","templated":true}]}}