{"id":33130,"date":"2022-03-23T11:23:40","date_gmt":"2022-03-23T10:23:40","guid":{"rendered":"https:\/\/wp.erdmost.hu\/?page_id=33130"},"modified":"2025-10-22T20:05:08","modified_gmt":"2025-10-22T18:05:08","slug":"erd-ujsag-lelohelyek","status":"publish","type":"page","link":"https:\/\/erdmost.hu\/en\/erd-ujsag-lelohelyek\/","title":{"rendered":"\u00c9rd \u00dajs\u00e1g lel\u0151helyek"},"content":{"rendered":"\t\t<div data-elementor-type=\"wp-page\" data-elementor-id=\"33130\" class=\"elementor elementor-33130\" data-elementor-post-type=\"page\">\n\t\t\t\t\t\t<section class=\"elementor-section elementor-top-section elementor-element elementor-element-528866f elementor-section-boxed elementor-section-height-default elementor-section-height-default\" data-id=\"528866f\" data-element_type=\"section\">\n\t\t\t\t\t\t<div class=\"elementor-container elementor-column-gap-default\">\n\t\t\t\t\t<div class=\"elementor-column elementor-col-100 elementor-top-column elementor-element elementor-element-d015873\" data-id=\"d015873\" data-element_type=\"column\">\n\t\t\t<div class=\"elementor-widget-wrap elementor-element-populated\">\n\t\t\t\t\t\t<div class=\"elementor-element elementor-element-eed35c8 elementor-widget elementor-widget-image\" data-id=\"eed35c8\" data-element_type=\"widget\" data-widget_type=\"image.default\">\n\t\t\t\t<div class=\"elementor-widget-container\">\n\t\t\t\t\t\t\t\t\t\t\t\t\t\t\t<img fetchpriority=\"high\" decoding=\"async\" width=\"768\" height=\"512\" src=\"https:\/\/erdmost.hu\/wp-content\/uploads\/2025\/10\/Erdi-ujsag-768x512.png\" class=\"attachment-medium_large size-medium_large wp-image-128486\" alt=\"\" srcset=\"https:\/\/erdmost.hu\/wp-content\/uploads\/2025\/10\/Erdi-ujsag-768x512.png 768w, https:\/\/erdmost.hu\/wp-content\/uploads\/2025\/10\/Erdi-ujsag-300x200.png 300w, https:\/\/erdmost.hu\/wp-content\/uploads\/2025\/10\/Erdi-ujsag-18x12.png 18w, https:\/\/erdmost.hu\/wp-content\/uploads\/2025\/10\/Erdi-ujsag-840x560.png 840w, https:\/\/erdmost.hu\/wp-content\/uploads\/2025\/10\/Erdi-ujsag-1100x733.png 1100w, https:\/\/erdmost.hu\/wp-content\/uploads\/2025\/10\/Erdi-ujsag.png 1920w\" sizes=\"(max-width: 768px) 100vw, 768px\" \/>\t\t\t\t\t\t\t\t\t\t\t\t\t\t\t<\/div>\n\t\t\t\t<\/div>\n\t\t\t\t<div class=\"elementor-element elementor-element-3241c04 elementor-widget elementor-widget-text-editor\" data-id=\"3241c04\" data-element_type=\"widget\" data-widget_type=\"text-editor.default\">\n\t\t\t\t<div class=\"elementor-widget-container\">\n\t\t\t\t\t\t\t\t\t<div class=\"elementor-element elementor-element-e57518c elementor-widget elementor-widget-theme-post-excerpt\" data-id=\"e57518c\" data-element_type=\"widget\" data-widget_type=\"theme-post-excerpt.default\"><div class=\"elementor-widget-container\">Hetente t\u00f6bb tucat levelet kapunk olyanokt\u00f3l, akik nem jutottak hozz\u00e1 lapunkhoz. Ennek oka els\u0151sorban a terjeszt\u0151i h\u00e1l\u00f3zat hi\u00e1nyoss\u00e1ga. Mi minden t\u0151l\u00fcnk telhet\u0151t megtesz\u00fcnk, hogy mindenkihez eljussunk, de mindig lesznek a t\u00e9rk\u00e9pen \u201efeh\u00e9r foltok\u201d, ahov\u00e1 nem \u00e9r oda id\u0151ben a lap.<\/div><\/div>\t\t\t\t\t\t\t\t<\/div>\n\t\t\t\t<\/div>\n\t\t\t\t<div class=\"elementor-element elementor-element-ed09c5a elementor-align-center elementor-widget elementor-widget-button\" data-id=\"ed09c5a\" data-element_type=\"widget\" data-widget_type=\"button.default\">\n\t\t\t\t<div class=\"elementor-widget-container\">\n\t\t\t\t\t\t\t\t\t<div class=\"elementor-button-wrapper\">\n\t\t\t\t\t<a class=\"elementor-button elementor-button-link elementor-size-xl elementor-animation-grow\" href=\"#ujsag\">\n\t\t\t\t\t\t<span class=\"elementor-button-content-wrapper\">\n\t\t\t\t\t\t\t\t\t<span class=\"elementor-button-text\">Szeretn\u00e9m rendszeresen kapni az \u00c9rdi \u00dajs\u00e1got<\/span>\n\t\t\t\t\t<\/span>\n\t\t\t\t\t<\/a>\n\t\t\t\t<\/div>\n\t\t\t\t\t\t\t\t<\/div>\n\t\t\t\t<\/div>\n\t\t\t\t<div class=\"elementor-element elementor-element-d2de071 elementor-widget elementor-widget-text-editor\" data-id=\"d2de071\" data-element_type=\"widget\" data-widget_type=\"text-editor.default\">\n\t\t\t\t<div class=\"elementor-widget-container\">\n\t\t\t\t\t\t\t\t\t<div class=\"elementor-element elementor-element-e57518c elementor-widget elementor-widget-theme-post-excerpt\" data-id=\"e57518c\" data-element_type=\"widget\" data-widget_type=\"theme-post-excerpt.default\"><div class=\"elementor-widget-container\">Hetente t\u00f6bb tucat levelet kapunk olyanokt\u00f3l, akik nem jutottak hozz\u00e1 lapunkhoz. Ennek oka els\u0151sorban a terjeszt\u0151i h\u00e1l\u00f3zat hi\u00e1nyoss\u00e1ga. Mi minden t\u0151l\u00fcnk telhet\u0151t megtesz\u00fcnk, hogy mindenkihez eljussunk, de mindig lesznek a t\u00e9rk\u00e9pen \u201efeh\u00e9r foltok\u201d, ahov\u00e1 nem \u00e9r oda id\u0151ben a lap.<\/div><\/div><div class=\"elementor-element elementor-element-19458ac8 elementor-widget elementor-widget-theme-post-content\" data-id=\"19458ac8\" data-element_type=\"widget\" data-widget_type=\"theme-post-content.default\"><div class=\"elementor-widget-container\">\u00a0<\/div><\/div>\t\t\t\t\t\t\t\t<\/div>\n\t\t\t\t<\/div>\n\t\t\t\t<div class=\"elementor-element elementor-element-19b648d elementor-widget elementor-widget-text-editor\" data-id=\"19b648d\" data-element_type=\"widget\" data-widget_type=\"text-editor.default\">\n\t\t\t\t<div class=\"elementor-widget-container\">\n\t\t\t\t\t\t\t\t\t<div class=\"grid-item\" style=\"text-align: center;\"><strong>Polg\u00e1rmesteri Hivatal<\/strong><\/div><div class=\"grid-item\" style=\"text-align: center;\">Als\u00f3 u. 1<\/div><div class=\"grid-item\" style=\"text-align: center;\"><strong>Polg\u00e1rok H\u00e1za<\/strong><\/div><div class=\"grid-item\" style=\"text-align: center;\">Als\u00f3 u. 3<\/div><div class=\"grid-item\" style=\"text-align: center;\"><strong>Szepes Gyula M\u0171vel\u0151d\u00e9si K\u00f6zpont<\/strong><\/div><div class=\"grid-item\" style=\"text-align: center;\">Als\u00f3 u. 9.<\/div><div class=\"grid-item\" style=\"text-align: center;\"><strong>\u00c9rdi V\u00e1rosi<\/strong><\/div><div class=\"grid-item\" style=\"text-align: center;\">Budai u. 16-18<\/div><div class=\"grid-item\" style=\"text-align: center;\"><strong>DOKI Bisztr\u00f3<\/strong><\/div><div class=\"grid-item\" style=\"text-align: center;\">Budai \u00fat 16-18.<\/div><div class=\"grid-item\" style=\"text-align: center;\"><strong>Tanuszoda<\/strong><\/div><div class=\"grid-item\" style=\"text-align: center;\">G\u00e1rdonyi G\u00e9za u. 1.<\/div><div class=\"grid-item\" style=\"text-align: center;\"><strong>Parkv\u00e1rosi K\u00f6z\u00f6ss\u00e9gi H\u00e1z<\/strong><\/div><div class=\"grid-item\" style=\"text-align: center;\">G\u00e9p\u00e9sz u. 14.<\/div><div class=\"grid-item\" style=\"text-align: center;\"><strong>COOP Minaret Csemege<\/strong><\/div><div class=\"grid-item\" style=\"text-align: center;\">F\u0151 utca 74.<\/div><div class=\"grid-item\" style=\"text-align: center;\"><strong>Napf\u00e9ny Otthon<\/strong><\/div><div class=\"grid-item\" style=\"text-align: center;\">\u00c1rp\u00e1d u.<\/div><div class=\"grid-item\" style=\"text-align: center;\"><strong>Napf\u00e9ny Otthon2<\/strong><\/div><div class=\"grid-item\" style=\"text-align: center;\">Kende utca<\/div><div class=\"grid-item\" style=\"text-align: center;\"><strong>Bagoly Csemege<\/strong><\/div><div class=\"grid-item\" style=\"text-align: center;\">Bagoly utca 62.<\/div><div class=\"grid-item\" style=\"text-align: center;\"><strong>Kabati Bt. ABC<\/strong><\/div><div class=\"grid-item\" style=\"text-align: center;\">Balatoni \u00fat 18.<\/div><div class=\"grid-item\" style=\"text-align: center;\"><strong>Vitap\u00e9ks\u00e9g<\/strong><\/div><div class=\"grid-item\" style=\"text-align: center;\">Balatoni \u00fat 88.<\/div><div class=\"grid-item\" style=\"text-align: center;\"><strong>R\u00f3zsakert 97 ABC<\/strong><\/div><div class=\"grid-item\" style=\"text-align: center;\">Borsz\u00e9ki utca 22.<\/div><div class=\"grid-item\" style=\"text-align: center;\"><strong>AlphaZoo<\/strong><\/div><div class=\"grid-item\" style=\"text-align: center;\">Di\u00f3sdi \u00fat 42.<\/div><div class=\"grid-item\" style=\"text-align: center;\"><strong>Coop ABC<\/strong><\/div><div class=\"grid-item\" style=\"text-align: center;\">L\u0151csei u. 4-8.<\/div><div class=\"grid-item\" style=\"text-align: center;\"><strong>Lott\u00f3z\u00f3-doh\u00e1nybolt<\/strong><\/div><div class=\"grid-item\" style=\"text-align: center;\">Feh\u00e9rv\u00e1ri \u00fat 42.<\/div><div class=\"grid-item\" style=\"text-align: center;\"><strong>Pataki Cukr\u00e1szda<\/strong><\/div><div class=\"grid-item\" style=\"text-align: center;\">Balatoni \u00fat 61.<\/div><div class=\"grid-item\" style=\"text-align: center;\"><strong>Eg\u00e9szs\u00e9gh\u00e1z<\/strong><\/div><div class=\"grid-item\" style=\"text-align: center;\">Bagoly utca 1-3.<\/div><div class=\"grid-item\" style=\"text-align: center;\"><strong>\u00c9rd FM 101.3<\/strong><\/div><div class=\"grid-item\" style=\"text-align: center;\">M\u00e1ria utca 1. (Di\u00f3sdi u. 14 sarok)<\/div><div class=\"grid-item\" style=\"text-align: center;\"><strong>Szent J\u00f3zsef Id\u0151sek Otthona<\/strong><\/div><div class=\"grid-item\" style=\"text-align: center;\">Gyula utca 39-47<\/div><div class=\"grid-item\" style=\"text-align: center;\"><strong>INTERSPAR Iparos utca<\/strong><\/div><div class=\"grid-item\" style=\"text-align: center;\">Iparos utca 5.<\/div><div class=\"grid-item\" style=\"text-align: center;\"><strong>Topoly utcai Id\u0151sek Otthona<\/strong><\/div><div class=\"grid-item\" style=\"text-align: center;\">Topoly utca 2.<\/div><div class=\"grid-item\" style=\"text-align: center;\"><strong>AVL<\/strong><\/div><div class=\"grid-item\" style=\"text-align: center;\">M\u00fchlgang utca 5<\/div><div class=\"grid-item\" style=\"text-align: center;\"><strong>Csuka Zolt\u00e1n V\u00e1rosi<\/strong><\/div><div class=\"grid-item\" style=\"text-align: center;\">Hivatalnok utca 14.<\/div><div class=\"grid-item\" style=\"text-align: center;\"><strong>Dr. Romics L\u00e1szl\u00f3 Eg\u00e9szs\u00e9g\u00fcgyi Int\u00e9zm\u00e9ny<\/strong><\/div><div class=\"grid-item\" style=\"text-align: center;\">Fels\u0151 utca 39-41.<\/div><div class=\"grid-item\" style=\"text-align: center;\"><strong>H\u00e1ziorvosi Rendel\u0151<\/strong><\/div><div class=\"grid-item\" style=\"text-align: center;\">Kossuth Lajos \u00fat 42\/2<\/div><div class=\"grid-item\" style=\"text-align: center;\"><strong>Rendel\u0151<\/strong><\/div><div class=\"grid-item\" style=\"text-align: center;\">R\u00f3mai \u00fat 24.7. k\u00f6rzet<\/div><div class=\"grid-item\" style=\"text-align: center;\"><strong>H\u00e1ziorvosi rendel\u0151<\/strong><\/div><div class=\"grid-item\" style=\"text-align: center;\">Riminy\u00e1ki \u00fat 25.<\/div><div class=\"grid-item\" style=\"text-align: center;\"><strong>H\u00e1ziorvosi rendel\u0151<\/strong><\/div><div class=\"grid-item\" style=\"text-align: center;\">Bajcsy-Zsilinszky u. 40.<\/div><div class=\"grid-item\" style=\"text-align: center;\"><strong>H\u00e1ziorvosi rendel\u0151<\/strong><\/div><div class=\"grid-item\" style=\"text-align: center;\">Bajcsy-Zsilinszky u. 143<\/div><div class=\"grid-item\" style=\"text-align: center;\"><strong>H\u00e1ziorvosi rendel\u0151<\/strong><\/div><div class=\"grid-item\" style=\"text-align: center;\">Balatoni u. 66.<\/div><div class=\"grid-item\" style=\"text-align: center;\"><strong>\u00c9TH \u00dcgyf\u00e9lszolg\u00e1lat<\/strong><\/div><div class=\"grid-item\" style=\"text-align: center;\">Di\u00f3sdi \u00fat 29.<\/div><div class=\"grid-item\" style=\"text-align: center;\"><strong>SZIM-DENTAL Fog\u00e1szat<\/strong><\/div><div class=\"grid-item\" style=\"text-align: center;\">Fels\u0151 utca 43.<\/div><div class=\"grid-item\" style=\"text-align: center;\"><strong>Jenei Fog\u00e1szat<\/strong><\/div><div class=\"grid-item\" style=\"text-align: center;\">Fels\u0151 utca 8.<\/div><div class=\"grid-item\" style=\"text-align: center;\"><strong>Jenei Fog\u00e1szat<\/strong><\/div><div class=\"grid-item\" style=\"text-align: center;\">Budai \u00fat 3.<\/div><div class=\"grid-item\" style=\"text-align: center;\"><strong>Kati Mami<\/strong><\/div><div class=\"grid-item\" style=\"text-align: center;\">Riminy\u00e1ki \u00fat 64.<\/div><div class=\"grid-item\" style=\"text-align: center;\"><strong>V+V Keresked\u00e9s<\/strong><\/div><div class=\"grid-item\" style=\"text-align: center;\">Di\u00f3sdi \u00fat 114.<\/div>\t\t\t\t\t\t\t\t<\/div>\n\t\t\t\t<\/div>\n\t\t\t\t\t<\/div>\n\t\t<\/div>\n\t\t\t\t\t<\/div>\n\t\t<\/section>\n\t\t\t\t<section class=\"elementor-section elementor-top-section elementor-element elementor-element-cb91720 elementor-section-boxed elementor-section-height-default elementor-section-height-default\" data-id=\"cb91720\" data-element_type=\"section\">\n\t\t\t\t\t\t<div class=\"elementor-container elementor-column-gap-default\">\n\t\t\t\t\t<div class=\"elementor-column elementor-col-100 elementor-top-column elementor-element elementor-element-596c541\" data-id=\"596c541\" data-element_type=\"column\">\n\t\t\t<div class=\"elementor-widget-wrap elementor-element-populated\">\n\t\t\t\t\t\t<div class=\"elementor-element elementor-element-6e0b5d5 elementor-widget elementor-widget-menu-anchor\" data-id=\"6e0b5d5\" data-element_type=\"widget\" data-widget_type=\"menu-anchor.default\">\n\t\t\t\t<div class=\"elementor-widget-container\">\n\t\t\t\t\t\t\t<div class=\"elementor-menu-anchor\" id=\"ujsag\"><\/div>\n\t\t\t\t\t\t<\/div>\n\t\t\t\t<\/div>\n\t\t\t\t<div class=\"elementor-element elementor-element-37213a6 elementor-widget elementor-widget-heading\" data-id=\"37213a6\" data-element_type=\"widget\" data-widget_type=\"heading.default\">\n\t\t\t\t<div class=\"elementor-widget-container\">\n\t\t\t\t\t<h2 class=\"elementor-heading-title elementor-size-default\">Szeretn\u00e9m kapni az \u00c9rdi \u00dajs\u00e1got<\/h2>\t\t\t\t<\/div>\n\t\t\t\t<\/div>\n\t\t\t\t<div class=\"elementor-element elementor-element-c7be9ca elementor-button-align-stretch elementor-widget elementor-widget-form\" data-id=\"c7be9ca\" data-element_type=\"widget\" data-settings=\"{&quot;step_next_label&quot;:&quot;Next&quot;,&quot;step_previous_label&quot;:&quot;Previous&quot;,&quot;button_width&quot;:&quot;100&quot;,&quot;step_type&quot;:&quot;number_text&quot;,&quot;step_icon_shape&quot;:&quot;circle&quot;}\" data-widget_type=\"form.default\">\n\t\t\t\t<div class=\"elementor-widget-container\">\n\t\t\t\t\t\t\t<form class=\"elementor-form\" method=\"post\" name=\"New Form\">\n\t\t\t<input type=\"hidden\" name=\"post_id\" value=\"33130\"\/>\n\t\t\t<input type=\"hidden\" name=\"form_id\" value=\"c7be9ca\"\/>\n\t\t\t<input type=\"hidden\" name=\"referer_title\" value=\"\" \/>\n\n\t\t\t\n\t\t\t<div class=\"elementor-form-fields-wrapper elementor-labels-above\">\n\t\t\t\t\t\t\t\t<div class=\"elementor-field-type-text elementor-field-group elementor-column elementor-field-group-name elementor-col-100\">\n\t\t\t\t\t\t\t\t\t\t\t\t<label for=\"form-field-name\" class=\"elementor-field-label\">\n\t\t\t\t\t\t\t\tN\u00e9v\t\t\t\t\t\t\t<\/label>\n\t\t\t\t\t\t\t\t\t\t\t\t\t\t<input size=\"1\" type=\"text\" name=\"form_fields[name]\" id=\"form-field-name\" class=\"elementor-field elementor-size-sm  elementor-field-textual\" placeholder=\"N\u00e9v\">\n\t\t\t\t\t\t\t\t\t\t\t<\/div>\n\t\t\t\t\t\t\t\t<div class=\"elementor-field-type-email elementor-field-group elementor-column elementor-field-group-email elementor-col-100 elementor-field-required\">\n\t\t\t\t\t\t\t\t\t\t\t\t<label for=\"form-field-email\" class=\"elementor-field-label\">\n\t\t\t\t\t\t\t\tlevel\t\t\t\t\t\t\t<\/label>\n\t\t\t\t\t\t\t\t\t\t\t\t\t\t<input size=\"1\" type=\"email\" name=\"form_fields[email]\" id=\"form-field-email\" class=\"elementor-field elementor-size-sm  elementor-field-textual\" placeholder=\"E-mail c\u00edm\" required=\"required\" aria-required=\"true\">\n\t\t\t\t\t\t\t\t\t\t\t<\/div>\n\t\t\t\t\t\t\t\t<div class=\"elementor-field-type-textarea elementor-field-group elementor-column elementor-field-group-message elementor-col-100\">\n\t\t\t\t\t\t\t\t\t\t\t\t<label for=\"form-field-message\" class=\"elementor-field-label\">\n\t\t\t\t\t\t\t\t\u00dczenet\t\t\t\t\t\t\t<\/label>\n\t\t\t\t\t\t<textarea class=\"elementor-field-textual elementor-field  elementor-size-sm\" name=\"form_fields[message]\" id=\"form-field-message\" rows=\"4\" placeholder=\"\u00dczenet\"><\/textarea>\t\t\t\t<\/div>\n\t\t\t\t\t\t\t\t<div class=\"elementor-field-type-text\">\n\t\t\t\t\t<input size=\"1\" type=\"text\" name=\"form_fields[field_b35db1d]\" id=\"form-field-field_b35db1d\" class=\"elementor-field elementor-size-sm \" style=\"display:none !important;\">\t\t\t\t<\/div>\n\t\t\t\t\t\t\t\t<div class=\"elementor-field-type-acceptance elementor-field-group elementor-column elementor-field-group-field_eadc8e1 elementor-col-100\">\n\t\t\t\t\t\t\t<div class=\"elementor-field-subgroup\">\n\t\t\t<span class=\"elementor-field-option\">\n\t\t\t\t<input type=\"checkbox\" name=\"form_fields[field_eadc8e1]\" id=\"form-field-field_eadc8e1\" class=\"elementor-field elementor-size-sm  elementor-acceptance-field\">\n\t\t\t\t<label for=\"form-field-field_eadc8e1\">Hozz\u00e1j\u00e1rulok adataim t\u00e1rol\u00e1s\u00e1hoz kapcsolattart\u00e1s c\u00e9lj\u00e1b\u00f3l<\/label>\t\t\t<\/span>\n\t\t<\/div>\n\t\t\t\t\t\t<\/div>\n\t\t\t\t\t\t\t\t<div class=\"elementor-field-group elementor-column elementor-field-type-submit elementor-col-100 e-form__buttons\">\n\t\t\t\t\t<button class=\"elementor-button elementor-size-sm elementor-animation-grow\" type=\"submit\">\n\t\t\t\t\t\t<span class=\"elementor-button-content-wrapper\">\n\t\t\t\t\t\t\t\t\t\t\t\t\t\t\t\t\t\t\t\t\t\t<span class=\"elementor-button-text\">K\u00fcld\u00e9s<\/span>\n\t\t\t\t\t\t\t\t\t\t\t\t\t<\/span>\n\t\t\t\t\t<\/button>\n\t\t\t\t<\/div>\n\t\t\t<\/div>\n\t\t<\/form>\n\t\t\t\t\t\t<\/div>\n\t\t\t\t<\/div>\n\t\t\t\t\t<\/div>\n\t\t<\/div>\n\t\t\t\t\t<\/div>\n\t\t<\/section>\n\t\t\t\t<\/div>\n\t\t","protected":false},"excerpt":{"rendered":"<p>Hetente t\u00f6bb tucat levelet kapunk olyanokt\u00f3l, akik nem jutottak hozz\u00e1 lapunkhoz. Ennek oka els\u0151sorban a terjeszt\u0151i h\u00e1l\u00f3zat hi\u00e1nyoss\u00e1ga. Mi minden t\u0151l\u00fcnk telhet\u0151t megtesz\u00fcnk, hogy mindenkihez eljussunk, de mindig lesznek a t\u00e9rk\u00e9pen \u201efeh\u00e9r foltok\u201d, ahov\u00e1 nem \u00e9r oda id\u0151ben a lap. Szeretn\u00e9m rendszeresen kapni az \u00c9rdi \u00dajs\u00e1got Hetente t\u00f6bb tucat levelet kapunk olyanokt\u00f3l, akik nem jutottak [&hellip;]<\/p>\n","protected":false},"author":1,"featured_media":0,"parent":0,"menu_order":0,"comment_status":"closed","ping_status":"closed","template":"","meta":{"_acf_changed":false,"_seopress_robots_primary_cat":"","_seopress_titles_title":"","_seopress_titles_desc":"","_seopress_robots_index":"","site-sidebar-layout":"no-sidebar","site-content-layout":"page-builder","ast-site-content-layout":"default","site-content-style":"default","site-sidebar-style":"default","ast-global-header-display":"","ast-banner-title-visibility":"","ast-main-header-display":"","ast-hfb-above-header-display":"","ast-hfb-below-header-display":"","ast-hfb-mobile-header-display":"","site-post-title":"disabled","ast-breadcrumbs-content":"","ast-featured-img":"disabled","footer-sml-layout":"","ast-disable-related-posts":"","theme-transparent-header-meta":"default","adv-header-id-meta":"","stick-header-meta":"","header-above-stick-meta":"","header-main-stick-meta":"","header-below-stick-meta":"","astra-migrate-meta-layouts":"default","ast-page-background-enabled":"default","ast-page-background-meta":{"desktop":{"background-color":"","background-image":"","background-repeat":"repeat","background-position":"center center","background-size":"auto","background-attachment":"scroll","background-type":"","background-media":"","overlay-type":"","overlay-color":"","overlay-opacity":"","overlay-gradient":""},"tablet":{"background-color":"","background-image":"","background-repeat":"repeat","background-position":"center center","background-size":"auto","background-attachment":"scroll","background-type":"","background-media":"","overlay-type":"","overlay-color":"","overlay-opacity":"","overlay-gradient":""},"mobile":{"background-color":"","background-image":"","background-repeat":"repeat","background-position":"center center","background-size":"auto","background-attachment":"scroll","background-type":"","background-media":"","overlay-type":"","overlay-color":"","overlay-opacity":"","overlay-gradient":""}},"ast-content-background-meta":{"desktop":{"background-color":"var(--ast-global-color-5)","background-image":"","background-repeat":"repeat","background-position":"center center","background-size":"auto","background-attachment":"scroll","background-type":"","background-media":"","overlay-type":"","overlay-color":"","overlay-opacity":"","overlay-gradient":""},"tablet":{"background-color":"var(--ast-global-color-5)","background-image":"","background-repeat":"repeat","background-position":"center center","background-size":"auto","background-attachment":"scroll","background-type":"","background-media":"","overlay-type":"","overlay-color":"","overlay-opacity":"","overlay-gradient":""},"mobile":{"background-color":"var(--ast-global-color-5)","background-image":"","background-repeat":"repeat","background-position":"center center","background-size":"auto","background-attachment":"scroll","background-type":"","background-media":"","overlay-type":"","overlay-color":"","overlay-opacity":"","overlay-gradient":""}},"footnotes":""},"class_list":["post-33130","page","type-page","status-publish","hentry"],"acf":[],"_links":{"self":[{"href":"https:\/\/erdmost.hu\/en\/wp-json\/wp\/v2\/pages\/33130","targetHints":{"allow":["GET"]}}],"collection":[{"href":"https:\/\/erdmost.hu\/en\/wp-json\/wp\/v2\/pages"}],"about":[{"href":"https:\/\/erdmost.hu\/en\/wp-json\/wp\/v2\/types\/page"}],"author":[{"embeddable":true,"href":"https:\/\/erdmost.hu\/en\/wp-json\/wp\/v2\/users\/1"}],"replies":[{"embeddable":true,"href":"https:\/\/erdmost.hu\/en\/wp-json\/wp\/v2\/comments?post=33130"}],"version-history":[{"count":5,"href":"https:\/\/erdmost.hu\/en\/wp-json\/wp\/v2\/pages\/33130\/revisions"}],"predecessor-version":[{"id":129039,"href":"https:\/\/erdmost.hu\/en\/wp-json\/wp\/v2\/pages\/33130\/revisions\/129039"}],"wp:attachment":[{"href":"https:\/\/erdmost.hu\/en\/wp-json\/wp\/v2\/media?parent=33130"}],"curies":[{"name":"wp","href":"https:\/\/api.w.org\/{rel}","templated":true}]}}