{"id":21875,"date":"2021-11-17T09:21:11","date_gmt":"2021-11-17T09:21:11","guid":{"rendered":"https:\/\/wp.erdmost.hu\/altalanos-kozzeteteli-lista\/"},"modified":"2025-09-25T18:23:41","modified_gmt":"2025-09-25T16:23:41","slug":"altalanos-kozzeteteli-lista","status":"publish","type":"page","link":"https:\/\/erdmost.hu\/en\/altalanos-kozzeteteli-lista\/","title":{"rendered":"\u00c1LTAL\u00c1NOS K\u00d6ZZ\u00c9T\u00c9TELI LISTA"},"content":{"rendered":"<p>&lt;&gt;<\/p>\n<table>\n<tbody>\n<tr>\n<td style=\"height: 21px;\" colspan=\"2\">\u00c1LTAL\u00c1NOS K\u00d6ZZ\u00c9T\u00c9TELI LISTA<\/td>\n<td><\/td>\n<\/tr>\n<tr>\n<td colspan=\"2\">1. mell\u00e9klet a 2011. \u00e9vi CXII. t\u00f6rv\u00e9nyhez<\/td>\n<td><\/td>\n<\/tr>\n<tr>\n<td><\/td>\n<td><\/td>\n<td class=\"xl82\"><\/td>\n<\/tr>\n<tr>\n<td colspan=\"2\">I. Szervezeti, szem\u00e9lyzeti adatok<\/td>\n<td><\/td>\n<\/tr>\n<tr>\n<td style=\"height: 21px;\"><\/td>\n<td colspan=\"2\"><\/td>\n<\/tr>\n<tr>\n<td>1.<\/td>\n<td>A k\u00f6zfeladatot ell\u00e1t\u00f3 szerv hivatalos neve:<\/td>\n<td>\u00c9rd Megyei Jog\u00fa V\u00e1ros Polg\u00e1rmesteri Hivatal M\u00e9dia Oszt\u00e1lya<\/td>\n<\/tr>\n<tr>\n<td style=\"; border-top: none; border-left: none;\">sz\u00e9khelye, postai c\u00edme, telefon- \u00e9s telefaxsz\u00e1ma:<\/td>\n<td style=\"border-top: none;\">2030\u00a0\u00c9rd, M\u00e1ria utca 1.<\/p>\n<p>+36-23-330-156<\/td>\n<\/tr>\n<tr>\n<td style=\"; border-top: none; border-left: none;\">elektronikus lev\u00e9lc\u00edme:<\/td>\n<td style=\"border-top: none;\"><a href=\"mailto:hirigazgatosag@erdmediacentrum.hu\" target=\"_parent\" rel=\"noopener\">hirigazgatosag@erdmediacentrum.hu<\/a><\/td>\n<\/tr>\n<tr>\n<td style=\"; border-top: none; border-left: none;\">honlapja:<\/td>\n<td style=\"border-top: none; border-left: none;\"><a href=\"https:\/\/erdmost.hu\/en\/\" target=\"_parent\" rel=\"noopener\">www.erdmost.hu<\/a><\/td>\n<\/tr>\n<tr>\n<td style=\"border-top: none; border-left: none;\">\u00fcgyf\u00e9lszolg\u00e1lat\u00e1nak el\u00e9rhet\u0151s\u00e9gei:<\/td>\n<td>2030 \u00c9rd, M\u00e1ria utca 1<\/p>\n<p>Tel.: +36-23-330-156<\/td>\n<\/tr>\n<tr>\n<td>2.<\/td>\n<td>A k\u00f6zfeladatot ell\u00e1t\u00f3 szerv szervezeti fel\u00e9p\u00edt\u00e9se szervezeti egys\u00e9gek megjel\u00f6l\u00e9s\u00e9vel, az egyes szervezeti egys\u00e9gek feladatai:<\/td>\n<td>Szervezeti fel\u00e9p\u00edt\u00e9s diagram<\/td>\n<\/tr>\n<tr>\n<td>3.<\/td>\n<td>A k\u00f6zfeladatot ell\u00e1t\u00f3 szerv vezet\u0151inek \u00e9s az egyes szervezeti egys\u00e9gek vezet\u0151inek neve, beoszt\u00e1sa, el\u00e9rhet\u0151s\u00e9ge (telefon- \u00e9s telefaxsz\u00e1ma ,elektronikus lev\u00e9lc\u00edme)<\/td>\n<td>Oszt\u00e1lyvezet\u0151-f\u0151szerkeszt\u0151: Kling J\u00f3zsef email: kling.jozsef@erdmediacentrum.hu<\/td>\n<\/tr>\n<tr>\n<td style=\"border-top: none;\">Vezet\u0151 tiszts\u00e9gvisel\u0151k:<\/td>\n<\/tr>\n<tr>\n<td style=\"border-top: none;\">Irodavezet\u0151 : Orsz\u00e1g Katalin<\/p>\n<p>Tel.: +36-23-523-686 email:orszag.katalin@erdmediacentrum.hu<\/td>\n<\/tr>\n<tr>\n<td style=\"border-top: none;\">Felel\u0151s Szerkeszt\u0151:<\/p>\n<p>G\u00e1rdos Attila<\/p>\n<p>Tel.: +36-23-523-686 email: gardos.attila@erdmediacentrum.hu<\/td>\n<\/tr>\n<tr>\n<td style=\"border-top: none;\">\u00c9rdi \u00dajs\u00e1g<\/p>\n<p>Felel\u0151s Szerkeszt\u0151:<\/p>\n<p>Kling J\u00f3zsef<\/p>\n<p>Tel.: +36-23-330-156, email: kling.jozsef@erdmediacentrum.hu<\/td>\n<\/tr>\n<tr>\n<td style=\"border-top: none;\"><\/td>\n<\/tr>\n<tr>\n<td style=\"border-top: none;\"><\/td>\n<\/tr>\n<tr>\n<td style=\"border-top: none;\">M\u0171szaki vezet\u0151:<\/p>\n<p>Vajda Bence<\/p>\n<p>Tel.: +36-23-523-686 email: jbvajda@erd.hu<\/td>\n<\/tr>\n<tr>\n<td>4.<\/td>\n<td>A szervezeten bel\u00fcl illet\u00e9kes \u00fcgyf\u00e9lkapcsolati vezet\u0151 neve, el\u00e9rhet\u0151s\u00e9ge (telefon- \u00e9s telefaxsz\u00e1ma, elektronikus lev\u00e9lc\u00edme) \u00e9s az \u00fcgyf\u00e9lfogad\u00e1si rend<\/td>\n<td>Orsz\u00e1g Katalin Tel.: +36-23-523-686 email: orszag.katalin@erdmediacentrum.hu<\/p>\n<p>\u00dcgyf\u00e9lfogad\u00e1s: H\u00e9tf\u0151: 9:00-13:00 Kedd: 9:00-13:00 Szerda: 11:00-15:45<\/td>\n<\/tr>\n<tr>\n<td>5.<\/td>\n<td class=\"xl102\" style=\"border-bothttps: \/\/erdmost.hu\/wp-content\/uploads\/2021\/06\/business-blog-session-cover-img-03.jpg:1px solid black; border-top: none;\" rowspan=\"3\">Test\u00fcleti szerv eset\u00e9n a test\u00fclet l\u00e9tsz\u00e1ma,\u00f6sszet\u00e9tele, tagjainak neve, beoszt\u00e1sa,el\u00e9rhet\u0151s\u00e9ge<\/td>\n<td>nincsen<\/td>\n<\/tr>\n<tr>\n<td>6.<\/td>\n<td class=\"xl93\" style=\"border-top: none; border-left: none;\">A k\u00f6zfeladatot ell\u00e1t\u00f3 szerv ir\u00e1ny\u00edt\u00e1sa, fel\u00fcgyelete vagy ellen\u0151rz\u00e9se alatt \u00e1ll\u00f3, vagy al\u00e1rendelts\u00e9g\u00e9ben m\u0171k\u00f6d\u0151 m\u00e1s k\u00f6zfeladatot ell\u00e1t\u00f3 szervek megnevez\u00e9se, \u00e9s 1. pontban meghat\u00e1rozott adatai<\/td>\n<td style=\"border-top: none;\">nincsen<\/td>\n<\/tr>\n<tr>\n<td>7.<\/td>\n<td class=\"xl93\" style=\"border-top: none; border-left: none;\">A k\u00f6zfeladatot ell\u00e1t\u00f3 szerv t\u00f6bbs\u00e9gi tulajdon\u00e1ban \u00e1ll\u00f3, illetve r\u00e9szv\u00e9tel\u00e9vel m\u0171k\u00f6d\u0151 gazd\u00e1lkod\u00f3 szervezet neve, sz\u00e9khelye, el\u00e9rhet\u0151s\u00e9ge (postai c\u00edme, telefon- \u00e9s telefaxsz\u00e1ma, elektronikus lev\u00e9lc\u00edme), tev\u00e9kenys\u00e9gi k\u00f6re, k\u00e9pvisel\u0151j\u00e9nek neve, a k\u00f6zfeladatot ell\u00e1t\u00f3 szerv r\u00e9szesed\u00e9s\u00e9nek m\u00e9rt\u00e9ke<\/td>\n<td style=\"border-top: none;\">nincsen<\/td>\n<\/tr>\n<tr>\n<td>8.<\/td>\n<td class=\"xl94\" style=\"border-top: none; border-left: none;\">A k\u00f6zfeladatot ell\u00e1t\u00f3 szerv \u00e1ltal alap\u00edtott k\u00f6zalap\u00edtv\u00e1nyok neve, sz\u00e9khelye, el\u00e9rhet\u0151s\u00e9ge (postai c\u00edme, telefon- \u00e9s telefaxsz\u00e1ma, elektronikus lev\u00e9lc\u00edme), alap\u00edt\u00f3 okirata, kezel\u0151 szerv\u00e9nek tagja<\/td>\n<td style=\"border-top: none; border-left: none;\">nincsen<\/td>\n<\/tr>\n<tr>\n<td>9.<\/td>\n<td style=\"border-top: none; border-left: none;\">A k\u00f6zfeladatot ell\u00e1t\u00f3 szerv \u00e1ltal alap\u00edtott k\u00f6lts\u00e9gvet\u00e9si szerv neve, sz\u00e9khelye, a k\u00f6lts\u00e9gvet\u00e9si szervet alap\u00edt\u00f3 jogszab\u00e1ly megjel\u00f6l\u00e9se, illetve az azt alap\u00edt\u00f3 hat\u00e1rozat, a k\u00f6lts\u00e9gvet\u00e9si szerv alap\u00edt\u00f3 alap\u00edt\u00f3 hat\u00e1rozat, a k\u00f6lts\u00e9gvet\u00e9si szerv alap\u00edt\u00f3 m\u0171k\u00f6d\u00e9si enged\u00e9lye<\/td>\n<td style=\"border-top: none; border-left: none;\">nincsen<\/td>\n<\/tr>\n<tr>\n<td>10.<\/td>\n<td style=\"border-top: none; border-left: none;\">A k\u00f6zfeladatot ell\u00e1t\u00f3 szerv \u00e1ltal alap\u00edtott lapok neve, a szerkeszt\u0151s\u00e9g \u00e9s kiad\u00f3 neve \u00e9s c\u00edme, valamint a f\u0151szerkeszt\u0151 neve<\/td>\n<td style=\"border-top: none; border-left: none;\">Lap neve: \u00c9rdi \u00dajs\u00e1g<\/p>\n<p>\u00c9rd Megyei Jog\u00fa V\u00e1ros \u00d6nkorm\u00e1nyzat\u00e1nak ingyenes hetilapja<\/p>\n<p>F\u0151szerkeszt\u0151: Kling J\u00f3zsef<\/p>\n<p>email: kling.jozsef@erdmediacentrum.hu<\/p>\n<p>Kiadja:<\/p>\n<p>\u00c9rd Megyei Jog\u00fa V\u00e1ros Polg\u00e1rmesteri Hivatala<\/td>\n<\/tr>\n<tr>\n<td class=\"xl97\" style=\"border-bothttps: \/\/erdmost.hu\/wp-content\/uploads\/2021\/06\/business-blog-session-cover-img-03.jpg:1px solid black; border-top: none;\" rowspan=\"2\">11.<\/td>\n<td class=\"xl97\" style=\"border-bothttps: \/\/erdmost.hu\/wp-content\/uploads\/2021\/06\/business-blog-session-cover-img-03.jpg:1px solid black; border-top: none;\" rowspan=\"2\">A k\u00f6zfeladatot ell\u00e1t\u00f3 szerv felettes, illetve fel\u00fcgyeleti szerv\u00e9nek, hat\u00f3s\u00e1gi d\u00f6nt\u00e9sei tekintet\u00e9ben a fellebbez\u00e9s elb\u00edr\u00e1l\u00e1s\u00e1ra jogosult szervnek, ennek hi\u00e1ny\u00e1ban a k\u00f6zfeladatot ell\u00e1t\u00f3 szerv felett t\u00f6rv\u00e9nyess\u00e9gi ellen\u0151rz\u00e9st gyakorl\u00f3 szervnek az 1. pontban meghat\u00e1rozott adatai<\/td>\n<td style=\"border-top: none; border-left: none;\">Felettes szerv:<\/p>\n<p>Budapest K\u00f6rny\u00e9ki T\u00f6rv\u00e9nysz\u00e9k C\u00e9gb\u00edr\u00f3s\u00e1ga 1146 Budapest, Hung\u00e1ria krt.179-187. (BKT Sz\u00e9kh\u00e1z) lev\u00e9lc\u00edm:<\/p>\n<p>1590 Budapest, Pf. 225\/1<\/p>\n<p>tel: +36 1 885 6000,<\/p>\n<p>honlap: https:\/\/budapestkornyekitorvenyszek.birosag.hu\/cegbirosagi-callcenter<\/td>\n<\/tr>\n<tr>\n<td>Fel\u00fcgyletei szerv:<\/p>\n<p>NEMZETI M\u00c9DIA- \u00c9S H\u00cdRK\u00d6ZL\u00c9SI HAT\u00d3S\u00c1G<\/p>\n<p>1015 Budapest, Ostrom u. 23-25 lev\u00e9lc\u00edm: 1525. Pf. 75 e-mail: info@nmhh.hu ,<\/p>\n<p>tel: (06 1) 457 7100, honlap: www.nmhh.hu<\/td>\n<\/tr>\n<tr>\n<td><\/td>\n<td><\/td>\n<td><\/td>\n<\/tr>\n<tr>\n<td><\/td>\n<td><\/td>\n<td><\/td>\n<\/tr>\n<tr>\n<td><\/td>\n<td><\/td>\n<\/tr>\n<tr>\n<td><\/td>\n<td><\/td>\n<td><\/td>\n<\/tr>\n<tr>\n<td><\/td>\n<td><\/td>\n<td><\/td>\n<\/tr>\n<tr>\n<td><\/td>\n<td><\/td>\n<\/tr>\n<\/tbody>\n<\/table>","protected":false},"excerpt":{"rendered":"<p>&lt;&gt; \u00c1LTAL\u00c1NOS K\u00d6ZZ\u00c9T\u00c9TELI LISTA 1. mell\u00e9klet a 2011. \u00e9vi CXII. t\u00f6rv\u00e9nyhez I. Szervezeti, szem\u00e9lyzeti adatok 1. A k\u00f6zfeladatot ell\u00e1t\u00f3 szerv hivatalos neve: \u00c9rd Megyei Jog\u00fa V\u00e1ros Polg\u00e1rmesteri Hivatal M\u00e9dia Oszt\u00e1lya sz\u00e9khelye, postai c\u00edme, telefon- \u00e9s telefaxsz\u00e1ma: 2030\u00a0\u00c9rd, M\u00e1ria utca 1. +36-23-330-156 elektronikus lev\u00e9lc\u00edme: hirigazgatosag@erdmediacentrum.hu honlapja: www.erdmost.hu \u00fcgyf\u00e9lszolg\u00e1lat\u00e1nak el\u00e9rhet\u0151s\u00e9gei: 2030 \u00c9rd, M\u00e1ria utca 1 Tel.: +36-23-330-156 [&hellip;]<\/p>\n","protected":false},"author":1,"featured_media":0,"parent":0,"menu_order":0,"comment_status":"closed","ping_status":"closed","template":"","meta":{"_acf_changed":false,"_seopress_robots_primary_cat":"","_seopress_titles_title":"","_seopress_titles_desc":"","_seopress_robots_index":"","site-sidebar-layout":"default","site-content-layout":"","ast-site-content-layout":"default","site-content-style":"default","site-sidebar-style":"default","ast-global-header-display":"","ast-banner-title-visibility":"","ast-main-header-display":"","ast-hfb-above-header-display":"","ast-hfb-below-header-display":"","ast-hfb-mobile-header-display":"","site-post-title":"","ast-breadcrumbs-content":"","ast-featured-img":"","footer-sml-layout":"","ast-disable-related-posts":"","theme-transparent-header-meta":"default","adv-header-id-meta":"","stick-header-meta":"","header-above-stick-meta":"","header-main-stick-meta":"","header-below-stick-meta":"","astra-migrate-meta-layouts":"set","ast-page-background-enabled":"default","ast-page-background-meta":{"desktop":{"background-color":"","background-image":"","background-repeat":"repeat","background-position":"center center","background-size":"auto","background-attachment":"scroll","background-type":"","background-media":"","overlay-type":"","overlay-color":"","overlay-opacity":"","overlay-gradient":""},"tablet":{"background-color":"","background-image":"","background-repeat":"repeat","background-position":"center center","background-size":"auto","background-attachment":"scroll","background-type":"","background-media":"","overlay-type":"","overlay-color":"","overlay-opacity":"","overlay-gradient":""},"mobile":{"background-color":"","background-image":"","background-repeat":"repeat","background-position":"center center","background-size":"auto","background-attachment":"scroll","background-type":"","background-media":"","overlay-type":"","overlay-color":"","overlay-opacity":"","overlay-gradient":""}},"ast-content-background-meta":{"desktop":{"background-color":"var(--ast-global-color-5)","background-image":"","background-repeat":"repeat","background-position":"center center","background-size":"auto","background-attachment":"scroll","background-type":"","background-media":"","overlay-type":"","overlay-color":"","overlay-opacity":"","overlay-gradient":""},"tablet":{"background-color":"var(--ast-global-color-5)","background-image":"","background-repeat":"repeat","background-position":"center center","background-size":"auto","background-attachment":"scroll","background-type":"","background-media":"","overlay-type":"","overlay-color":"","overlay-opacity":"","overlay-gradient":""},"mobile":{"background-color":"var(--ast-global-color-5)","background-image":"","background-repeat":"repeat","background-position":"center center","background-size":"auto","background-attachment":"scroll","background-type":"","background-media":"","overlay-type":"","overlay-color":"","overlay-opacity":"","overlay-gradient":""}},"footnotes":""},"class_list":["post-21875","page","type-page","status-publish","hentry"],"acf":[],"_links":{"self":[{"href":"https:\/\/erdmost.hu\/en\/wp-json\/wp\/v2\/pages\/21875","targetHints":{"allow":["GET"]}}],"collection":[{"href":"https:\/\/erdmost.hu\/en\/wp-json\/wp\/v2\/pages"}],"about":[{"href":"https:\/\/erdmost.hu\/en\/wp-json\/wp\/v2\/types\/page"}],"author":[{"embeddable":true,"href":"https:\/\/erdmost.hu\/en\/wp-json\/wp\/v2\/users\/1"}],"replies":[{"embeddable":true,"href":"https:\/\/erdmost.hu\/en\/wp-json\/wp\/v2\/comments?post=21875"}],"version-history":[{"count":2,"href":"https:\/\/erdmost.hu\/en\/wp-json\/wp\/v2\/pages\/21875\/revisions"}],"predecessor-version":[{"id":127709,"href":"https:\/\/erdmost.hu\/en\/wp-json\/wp\/v2\/pages\/21875\/revisions\/127709"}],"wp:attachment":[{"href":"https:\/\/erdmost.hu\/en\/wp-json\/wp\/v2\/media?parent=21875"}],"curies":[{"name":"wp","href":"https:\/\/api.w.org\/{rel}","templated":true}]}}