{"id":21871,"date":"2018-12-10T22:07:22","date_gmt":"2018-12-10T22:07:22","guid":{"rendered":"https:\/\/wp.erdmost.hu\/erdtv\/"},"modified":"2022-09-20T13:01:40","modified_gmt":"2022-09-20T11:01:40","slug":"erdtv","status":"publish","type":"page","link":"https:\/\/erdmost.hu\/en\/erdtv\/","title":{"rendered":"\u00c9rd TV"},"content":{"rendered":"<div data-elementor-type=\"wp-page\" data-elementor-id=\"21871\" class=\"elementor elementor-21871\" data-elementor-post-type=\"page\">\n\t\t\t\t\t\t<section class=\"elementor-section elementor-top-section elementor-element elementor-element-19b0c69 elementor-section-boxed elementor-section-height-default elementor-section-height-default\" data-id=\"19b0c69\" data-element_type=\"section\">\n\t\t\t\t\t\t<div class=\"elementor-container elementor-column-gap-default\">\n\t\t\t\t\t<div class=\"elementor-column elementor-col-100 elementor-top-column elementor-element elementor-element-75a6c02\" data-id=\"75a6c02\" data-element_type=\"column\" data-settings=\"{&quot;background_background&quot;:&quot;classic&quot;}\">\n\t\t\t<div class=\"elementor-widget-wrap elementor-element-populated\">\n\t\t\t\t\t\t<section class=\"elementor-section elementor-inner-section elementor-element elementor-element-eb90d5c elementor-section-boxed elementor-section-height-default elementor-section-height-default\" data-id=\"eb90d5c\" data-element_type=\"section\">\n\t\t\t\t\t\t<div class=\"elementor-container elementor-column-gap-default\">\n\t\t\t\t\t<div class=\"elementor-column elementor-col-50 elementor-inner-column elementor-element elementor-element-b851944\" data-id=\"b851944\" data-element_type=\"column\">\n\t\t\t<div class=\"elementor-widget-wrap elementor-element-populated\">\n\t\t\t\t\t\t<div class=\"elementor-element elementor-element-4358702 elementor-widget elementor-widget-image\" data-id=\"4358702\" data-element_type=\"widget\" data-widget_type=\"image.default\">\n\t\t\t\t<div class=\"elementor-widget-container\">\n\t\t\t\t\t\t\t\t\t\t\t\t\t\t\t<img decoding=\"async\" src=\"https:\/\/erdmost.hu\/wp-content\/uploads\/elementor\/thumbs\/22_04_07_erdmost_white-pn0cxf7qhvb49n3woch20976f3v42vmnyxf7cnwsqq.png\"  alt=\"22_04_07_erdtv_white\" loading=\"lazy\" \/>\t\t\t\t\t\t\t\t\t\t\t\t\t\t\t<\/div>\n\t\t\t\t<\/div>\n\t\t\t\t\t<\/div>\n\t\t<\/div>\n\t\t\t\t<div class=\"elementor-column elementor-col-50 elementor-inner-column elementor-element elementor-element-4925bf6\" data-id=\"4925bf6\" data-element_type=\"column\" data-settings=\"{&quot;background_background&quot;:&quot;classic&quot;}\">\n\t\t\t<div class=\"elementor-widget-wrap\">\n\t\t\t\t\t\t\t<\/div>\n\t\t<\/div>\n\t\t\t\t\t<\/div>\n\t\t<\/section>\n\t\t\t\t<section class=\"elementor-section elementor-inner-section elementor-element elementor-element-8a46590 elementor-section-boxed elementor-section-height-default elementor-section-height-default\" data-id=\"8a46590\" data-element_type=\"section\">\n\t\t\t\t\t\t<div class=\"elementor-container elementor-column-gap-default\">\n\t\t\t\t\t<div class=\"elementor-column elementor-col-50 elementor-inner-column elementor-element elementor-element-bd7d84f\" data-id=\"bd7d84f\" data-element_type=\"column\">\n\t\t\t<div class=\"elementor-widget-wrap elementor-element-populated\">\n\t\t\t\t\t\t<div class=\"elementor-element elementor-element-b017750 elementor-widget elementor-widget-text-editor\" data-id=\"b017750\" data-element_type=\"widget\" data-widget_type=\"text-editor.default\">\n\t\t\t\t<div class=\"elementor-widget-container\">\n\t\t\t\t\t\t\t\t\t<iframe width=\"560\" height=\"350\" src=\"https:\/\/www.youtube.com\/embed\/VCSiTN2TqnY\"  frameborder=\"0\" allow=\"accelerometer; autoplay; clipboard-write; encrypted-media; gyroscope; picture-in-picture\" allowfullscreen><\/iframe>\t\t\t\t\t\t\t\t<\/div>\n\t\t\t\t<\/div>\n\t\t\t\t\t<\/div>\n\t\t<\/div>\n\t\t\t\t<div class=\"elementor-column elementor-col-50 elementor-inner-column elementor-element elementor-element-ae94734\" data-id=\"ae94734\" data-element_type=\"column\">\n\t\t\t<div class=\"elementor-widget-wrap elementor-element-populated\">\n\t\t\t\t\t\t<div class=\"elementor-element elementor-element-7da678c elementor-widget elementor-widget-text-editor\" data-id=\"7da678c\" data-element_type=\"widget\" data-widget_type=\"text-editor.default\">\n\t\t\t\t<div class=\"elementor-widget-container\">\n\t\t\t\t\t\t\t\t\t<iframe width=\"560\" height=\"150\" src=\"https:\/\/www.youtube.com\/embed\/JzAvV4b929A\"  frameborder=\"0\" allow=\"accelerometer; autoplay; clipboard-write; encrypted-media; gyroscope; picture-in-picture\" allowfullscreen><\/iframe>\n\n<iframe width=\"560\" height=\"150\" src=\"https:\/\/www.youtube.com\/embed\/4NO8hoqG-Yw\"  frameborder=\"0\" allow=\"accelerometer; autoplay; clipboard-write; encrypted-media; gyroscope; picture-in-picture\" allowfullscreen><\/iframe>\t\t\t\t\t\t\t\t<\/div>\n\t\t\t\t<\/div>\n\t\t\t\t<div class=\"elementor-element elementor-element-45db192 elementor-button-info elementor-widget elementor-widget-button\" data-id=\"45db192\" data-element_type=\"widget\" data-widget_type=\"button.default\">\n\t\t\t\t<div class=\"elementor-widget-container\">\n\t\t\t\t\t\t\t\t\t<div class=\"elementor-button-wrapper\">\n\t\t\t\t\t<a class=\"elementor-button elementor-button-link elementor-size-xs elementor-animation-push\" href=\"https:\/\/www.youtube.com\/c\/%C3%89RDTVVIDE%C3%93K\">\n\t\t\t\t\t\t<span class=\"elementor-button-content-wrapper\">\n\t\t\t\t\t\t<span class=\"elementor-button-icon\">\n\t\t\t\t<i aria-hidden=\"true\" class=\"fab fa-youtube\"><\/i>\t\t\t<\/span>\n\t\t\t\t\t\t\t\t\t<span class=\"elementor-button-text\">TOV\u00c1BB AZ \u00c9RDTV YOUTUBE CSATORN\u00c1J\u00c1RA!<\/span>\n\t\t\t\t\t<\/span>\n\t\t\t\t\t<\/a>\n\t\t\t\t<\/div>\n\t\t\t\t\t\t\t\t<\/div>\n\t\t\t\t<\/div>\n\t\t\t\t\t<\/div>\n\t\t<\/div>\n\t\t\t\t\t<\/div>\n\t\t<\/section>\n\t\t\t\t\t<\/div>\n\t\t<\/div>\n\t\t\t\t\t<\/div>\n\t\t<\/section>\n\t\t\t\t<section class=\"elementor-section elementor-top-section elementor-element elementor-element-c576bee elementor-section-boxed elementor-section-height-default elementor-section-height-default\" data-id=\"c576bee\" data-element_type=\"section\">\n\t\t\t\t\t\t<div class=\"elementor-container elementor-column-gap-default\">\n\t\t\t\t\t<div class=\"elementor-column elementor-col-100 elementor-top-column elementor-element elementor-element-94d02fe\" data-id=\"94d02fe\" data-element_type=\"column\">\n\t\t\t<div class=\"elementor-widget-wrap elementor-element-populated\">\n\t\t\t\t\t\t<div class=\"elementor-element elementor-element-fd27275 elementor-widget elementor-widget-text-editor\" data-id=\"fd27275\" data-element_type=\"widget\" data-widget_type=\"text-editor.default\">\n\t\t\t\t<div class=\"elementor-widget-container\">\n\t\t\t\t\t\t\t\t\t<h2><strong>Kedves \u00e9rdiek!<\/strong><\/h2><p><img decoding=\"async\" class=\"size-thumbnail wp-image-43871 alignleft\" src=\"https:\/\/erdmost.hu\/wp-content\/uploads\/2022\/07\/22_07_29_erdtv_logo-150x150.jpg\" alt=\"\" width=\"150\" height=\"150\" \/>Fontos v\u00e1ltoz\u00e1s el\u0151tt \u00e1ll az \u00c9rd M\u00e9diacentrum \u00e9s annak nagy hagyom\u00e1nyokkal b\u00edr\u00f3 csapata, az \u00c9rd TV. A nemzetk\u00f6zi \u00e9s hazai trendeket k\u00f6vetve (ut\u00f3bbiakat tal\u00e1n kicsit meg is el\u0151zve) tartalmainkat teljes eg\u00e9sz\u00e9ben <a href=\"https:\/\/www.youtube.com\/c\/%C3%89RDTVVIDE%C3%93K\">\u00e1tk\u00f6lt\u00f6ztetj\u00fck az internetre<\/a>. Ezzel igyeksz\u00fcnk felz\u00e1rk\u00f3zni az egyre n\u00e9pszer\u0171bb tartalom el\u0151\u00e1ll\u00edt\u00f3k mell\u00e9, amelyek ma m\u00e1r els\u0151sorban a<a href=\"https:\/\/www.youtube.com\/c\/%C3%89RDTVVIDE%C3%93K\"> YouTube<\/a>-on \u00e9s m\u00e1s internetes platformokon szolg\u00e1ltatnak. Ezzel \u2013 rem\u00e9nyeink szerint \u2013 nemcsak hat\u00e9konyabban juttathatjuk el riportjainkat, interj\u00fainkat, tud\u00f3s\u00edt\u00e1sainkat az \u00e9rdieknek, hanem vel\u00fck egy\u00fcttm\u0171k\u00f6dve, a hozz\u00e1sz\u00f3l\u00e1s, v\u00e9lem\u00e9nyalkot\u00e1s lehet\u0151s\u00e9g\u00e9t felk\u00edn\u00e1lva alak\u00edthatjuk k\u00f6z\u00f6sen az \u00c9rd TV tartalm\u00e1t. C\u00e9lunk, hogy min\u00e9l t\u00f6bb emberhez jussunk el, \u00e9s val\u00f3di XXI. sz\u00e1zadi szeml\u00e9lettel alak\u00edtsuk, korszer\u0171s\u00edts\u00fck az \u00c9rd TV-t.<\/p><p>Mi az, ami nem v\u00e1ltozik? Az \u00c9rd TV csapata ezut\u00e1n is besz\u00e1mol a v\u00e1rost \u00e9rint\u0151 fontosabb politikai, kultur\u00e1lis, sport- \u00e9s a civil \u00e9letet \u00e9rint\u0151 esem\u00e9nyir\u0151l. Tov\u00e1bbra is k\u00e9sz\u00fclnek riport- \u00e9s dokumentumfilmek, interj\u00fak. Ezek az \u00c9rd Most internetes oldal\u00e1n, az \u00c9rd TV YouTube csatorn\u00e1j\u00e1n \u00e9s term\u00e9szetesen a M\u00e9diacentrum k\u00f6z\u00f6ss\u00e9gi fel\u00fcletein (Facebook, Instagram, TikTok) lesznek el\u00e9rhet\u0151k.<\/p><p>A <strong>Digi<\/strong> \u00e9s <strong>Telekom<\/strong> k\u00e1belh\u00e1l\u00f3zat\u00e1n augusztus 1-t\u0151l, egy h\u00f3napon kereszt\u00fcl az \u00c9rd TV k\u00e9p\u00fajs\u00e1gja lesz l\u00e1that\u00f3.<\/p><p><em>Az \u00c9rd M\u00e9diacentrum csapata<\/em><\/p>\t\t\t\t\t\t\t\t<\/div>\n\t\t\t\t<\/div>\n\t\t\t\t\t<\/div>\n\t\t<\/div>\n\t\t\t\t\t<\/div>\n\t\t<\/section>\n\t\t\t\t<\/div>","protected":false},"excerpt":{"rendered":"<p>TOV\u00c1BB AZ \u00c9RDTV YOUTUBE CSATORN\u00c1J\u00c1RA! Kedves \u00e9rdiek! Fontos v\u00e1ltoz\u00e1s el\u0151tt \u00e1ll az \u00c9rd M\u00e9diacentrum \u00e9s annak nagy hagyom\u00e1nyokkal b\u00edr\u00f3 csapata, az \u00c9rd TV. A nemzetk\u00f6zi \u00e9s hazai trendeket k\u00f6vetve (ut\u00f3bbiakat tal\u00e1n kicsit meg is el\u0151zve) tartalmainkat teljes eg\u00e9sz\u00e9ben \u00e1tk\u00f6lt\u00f6ztetj\u00fck az internetre. Ezzel igyeksz\u00fcnk felz\u00e1rk\u00f3zni az egyre n\u00e9pszer\u0171bb tartalom el\u0151\u00e1ll\u00edt\u00f3k mell\u00e9, amelyek ma m\u00e1r els\u0151sorban a [&hellip;]<\/p>\n","protected":false},"author":8,"featured_media":35065,"parent":0,"menu_order":0,"comment_status":"closed","ping_status":"closed","template":"","meta":{"_acf_changed":false,"_seopress_robots_primary_cat":"","_seopress_titles_title":"","_seopress_titles_desc":"","_seopress_robots_index":"","site-sidebar-layout":"default","site-content-layout":"default","ast-site-content-layout":"default","site-content-style":"default","site-sidebar-style":"default","ast-global-header-display":"","ast-banner-title-visibility":"","ast-main-header-display":"","ast-hfb-above-header-display":"","ast-hfb-below-header-display":"","ast-hfb-mobile-header-display":"","site-post-title":"disabled","ast-breadcrumbs-content":"","ast-featured-img":"disabled","footer-sml-layout":"","ast-disable-related-posts":"","theme-transparent-header-meta":"default","adv-header-id-meta":"","stick-header-meta":"","header-above-stick-meta":"","header-main-stick-meta":"","header-below-stick-meta":"","astra-migrate-meta-layouts":"default","ast-page-background-enabled":"default","ast-page-background-meta":{"desktop":{"background-color":"","background-image":"","background-repeat":"repeat","background-position":"center center","background-size":"auto","background-attachment":"scroll","background-type":"","background-media":"","overlay-type":"","overlay-color":"","overlay-opacity":"","overlay-gradient":""},"tablet":{"background-color":"","background-image":"","background-repeat":"repeat","background-position":"center center","background-size":"auto","background-attachment":"scroll","background-type":"","background-media":"","overlay-type":"","overlay-color":"","overlay-opacity":"","overlay-gradient":""},"mobile":{"background-color":"","background-image":"","background-repeat":"repeat","background-position":"center center","background-size":"auto","background-attachment":"scroll","background-type":"","background-media":"","overlay-type":"","overlay-color":"","overlay-opacity":"","overlay-gradient":""}},"ast-content-background-meta":{"desktop":{"background-color":"var(--ast-global-color-5)","background-image":"","background-repeat":"repeat","background-position":"center center","background-size":"auto","background-attachment":"scroll","background-type":"","background-media":"","overlay-type":"","overlay-color":"","overlay-opacity":"","overlay-gradient":""},"tablet":{"background-color":"var(--ast-global-color-5)","background-image":"","background-repeat":"repeat","background-position":"center center","background-size":"auto","background-attachment":"scroll","background-type":"","background-media":"","overlay-type":"","overlay-color":"","overlay-opacity":"","overlay-gradient":""},"mobile":{"background-color":"var(--ast-global-color-5)","background-image":"","background-repeat":"repeat","background-position":"center center","background-size":"auto","background-attachment":"scroll","background-type":"","background-media":"","overlay-type":"","overlay-color":"","overlay-opacity":"","overlay-gradient":""}},"footnotes":""},"class_list":["post-21871","page","type-page","status-publish","has-post-thumbnail","hentry"],"acf":[],"_links":{"self":[{"href":"https:\/\/erdmost.hu\/en\/wp-json\/wp\/v2\/pages\/21871","targetHints":{"allow":["GET"]}}],"collection":[{"href":"https:\/\/erdmost.hu\/en\/wp-json\/wp\/v2\/pages"}],"about":[{"href":"https:\/\/erdmost.hu\/en\/wp-json\/wp\/v2\/types\/page"}],"author":[{"embeddable":true,"href":"https:\/\/erdmost.hu\/en\/wp-json\/wp\/v2\/users\/8"}],"replies":[{"embeddable":true,"href":"https:\/\/erdmost.hu\/en\/wp-json\/wp\/v2\/comments?post=21871"}],"version-history":[{"count":5,"href":"https:\/\/erdmost.hu\/en\/wp-json\/wp\/v2\/pages\/21871\/revisions"}],"predecessor-version":[{"id":124927,"href":"https:\/\/erdmost.hu\/en\/wp-json\/wp\/v2\/pages\/21871\/revisions\/124927"}],"wp:featuredmedia":[{"embeddable":true,"href":"https:\/\/erdmost.hu\/en\/wp-json\/wp\/v2\/media\/35065"}],"wp:attachment":[{"href":"https:\/\/erdmost.hu\/en\/wp-json\/wp\/v2\/media?parent=21871"}],"curies":[{"name":"wp","href":"https:\/\/api.w.org\/{rel}","templated":true}]}}