{"id":21869,"date":"2018-09-04T13:48:06","date_gmt":"2018-09-04T13:48:06","guid":{"rendered":"https:\/\/wp.erdmost.hu\/felhasznalasi-feltetelek\/"},"modified":"2025-09-25T14:50:44","modified_gmt":"2025-09-25T12:50:44","slug":"felhasznalasi-feltetelek","status":"publish","type":"page","link":"https:\/\/erdmost.hu\/en\/felhasznalasi-feltetelek\/","title":{"rendered":"Felhaszn\u00e1l\u00e1si Felt\u00e9telek"},"content":{"rendered":"<div style=\"background-color: white; padding: 30px;\">\n<h2><strong>Szerz\u0151i jogok<\/strong><\/h2>\n<p><strong>Azzal, hogy bel\u00e9p a www.erdmost.hu valamelyik oldal\u00e1ra, elfogadja az al\u00e1bbi felt\u00e9teleket:<\/strong><\/p>\n<p>A port\u00e1lon tal\u00e1lhat\u00f3 tartalom a m\u0171k\u00f6dtet\u0151 \u00c9rd Megyei Jog\u00fa V\u00e1ros Polg\u00e1rmesteri Hivatal szellemi tulajdona.<\/p>\n<p>A www.erdmost.hu fenntart minden, a lap b\u00e1rmely r\u00e9sz\u00e9nek b\u00e1rmilyen m\u00f3dszerrel, technik\u00e1val t\u00f6rt\u00e9n\u0151 m\u00e1sol\u00e1s\u00e1val \u00e9s terjeszt\u00e9s\u00e9vel kapcsolatos jogot. A laphoz tartoz\u00f3 oldalak tartalm\u00e1t \u00e9s kialak\u00edt\u00e1s\u00e1t nemzetk\u00f6zi \u00e9s magyar t\u00f6rv\u00e9nyek v\u00e9dik.<\/p>\n<p>A kiad\u00f3 el\u0151zetes \u00edr\u00e1sos hozz\u00e1j\u00e1rul\u00e1sa n\u00e9lk\u00fcl tilos a lap formai eg\u00e9sz\u00e9nek vagy r\u00e9szeinek (sz\u00f6veg, grafika, fot\u00f3, audio- vagy videoanyag, adatszerkezet, strukt\u00fara, elj\u00e1r\u00e1s, program stb.) feldolgoz\u00e1sa \u00e9s \u00e9rt\u00e9kes\u00edt\u00e9se. A lap tartalm\u00e1nak egyes r\u00e9szeit \u2013 kiz\u00e1r\u00f3lag saj\u00e1t felhaszn\u00e1l\u00e1s c\u00e9lj\u00e1b\u00f3l \u2013 merevlemez\u00e9re mentheti vagy kinyomtathatja, de ebben az esetben sem jogosult a lap \u00edgy t\u00f6bbsz\u00f6r\u00f6z\u00f6tt r\u00e9sz\u00e9nek tov\u00e1bbi felhaszn\u00e1l\u00e1s\u00e1ra, terjeszt\u00e9s\u00e9re, adatb\u00e1zisban t\u00f6rt\u00e9n\u0151 t\u00e1rol\u00e1s\u00e1ra, let\u00f6lthet\u0151v\u00e9 t\u00e9tel\u00e9re, kereskedelmi forgalomba hozatal\u00e1ra.<\/p>\n<p>A www.erdmost.hu tartalma, oldalai teljes eg\u00e9sz\u00e9ben, a rekl\u00e1mokkal, hirdet\u00e9sekkel egy\u00fctt szerz\u0151i jogv\u00e9delem alatt \u00e1llnak, azokb\u00f3l b\u00e1rmely r\u00e9szt kiv\u00e1gni, a megcsonk\u00edtott r\u00e9szt pedig nyilv\u00e1noss\u00e1ghoz b\u00e1rmely m\u00f3don \u00fajrak\u00f6zvet\u00edteni tilos. Tilos tov\u00e1bb\u00e1 a kiad\u00f3 el\u0151zetes \u00edr\u00e1sbeli enged\u00e9lye n\u00e9lk\u00fcl a lap tartalm\u00e1t t\u00fckr\u00f6zni, azaz technikai m\u0171velet seg\u00edts\u00e9g\u00e9vel nyilv\u00e1noss\u00e1ghoz \u00fajrak\u00f6zvet\u00edteni, m\u00e9g v\u00e1ltozatlan form\u00e1ban is.<\/p>\n<p>A jogosulatlan felhaszn\u00e1l\u00e1s b\u00fcntet\u0151- \u00e9s polg\u00e1ri jogi k\u00f6vetkezm\u00e9nyeket von maga ut\u00e1n. A www.erdmost.hu k\u00f6vetelheti a jogs\u00e9rt\u00e9s abbahagy\u00e1s\u00e1t \u00e9s k\u00e1r\u00e1nak megt\u00e9r\u00edt\u00e9s\u00e9t.<\/p>\n<p>A lapt\u00f3l \u00e9rtes\u00fcl\u00e9seket \u00e1tvenni csak a lapra val\u00f3 hivatkoz\u00e1ssal lehet, azzal a felt\u00e9tellel, hogy az \u00e1tvev\u0151 nem m\u00f3dos\u00edtja az eredeti inform\u00e1ci\u00f3t \u00e9s a lapra utal\u00f3 egy\u00e9rtelm\u0171 hivatkoz\u00e1st minden k\u00f6zl\u00e9sn\u00e9l felt\u00fcnteti.<\/p>\n<p>A www.erdmost.hu pontos \u00e9s hiteles inform\u00e1ci\u00f3k k\u00f6zl\u00e9s\u00e9re t\u00f6rekszik, de a t\u00e1j\u00e9koztat\u00e1sb\u00f3l fakad\u00f3 esetleges k\u00e1rok\u00e9rt felel\u0151ss\u00e9get nem v\u00e1llal.<\/p>\n<\/div>","protected":false},"excerpt":{"rendered":"<p>Szerz\u0151i jogok Azzal, hogy bel\u00e9p a www.erdmost.hu valamelyik oldal\u00e1ra, elfogadja az al\u00e1bbi felt\u00e9teleket: A port\u00e1lon tal\u00e1lhat\u00f3 tartalom a m\u0171k\u00f6dtet\u0151 \u00c9rd Megyei Jog\u00fa V\u00e1ros Polg\u00e1rmesteri Hivatal szellemi tulajdona. A www.erdmost.hu fenntart minden, a lap b\u00e1rmely r\u00e9sz\u00e9nek b\u00e1rmilyen m\u00f3dszerrel, technik\u00e1val t\u00f6rt\u00e9n\u0151 m\u00e1sol\u00e1s\u00e1val \u00e9s terjeszt\u00e9s\u00e9vel kapcsolatos jogot. A laphoz tartoz\u00f3 oldalak tartalm\u00e1t \u00e9s kialak\u00edt\u00e1s\u00e1t nemzetk\u00f6zi \u00e9s magyar t\u00f6rv\u00e9nyek [&hellip;]<\/p>\n","protected":false},"author":1,"featured_media":0,"parent":0,"menu_order":0,"comment_status":"closed","ping_status":"closed","template":"","meta":{"_acf_changed":false,"_seopress_robots_primary_cat":"","_seopress_titles_title":"","_seopress_titles_desc":"","_seopress_robots_index":"","site-sidebar-layout":"default","site-content-layout":"","ast-site-content-layout":"default","site-content-style":"default","site-sidebar-style":"default","ast-global-header-display":"","ast-banner-title-visibility":"","ast-main-header-display":"","ast-hfb-above-header-display":"","ast-hfb-below-header-display":"","ast-hfb-mobile-header-display":"","site-post-title":"","ast-breadcrumbs-content":"","ast-featured-img":"","footer-sml-layout":"","ast-disable-related-posts":"","theme-transparent-header-meta":"default","adv-header-id-meta":"","stick-header-meta":"","header-above-stick-meta":"","header-main-stick-meta":"","header-below-stick-meta":"","astra-migrate-meta-layouts":"set","ast-page-background-enabled":"default","ast-page-background-meta":{"desktop":{"background-color":"","background-image":"","background-repeat":"repeat","background-position":"center center","background-size":"auto","background-attachment":"scroll","background-type":"","background-media":"","overlay-type":"","overlay-color":"","overlay-opacity":"","overlay-gradient":""},"tablet":{"background-color":"","background-image":"","background-repeat":"repeat","background-position":"center center","background-size":"auto","background-attachment":"scroll","background-type":"","background-media":"","overlay-type":"","overlay-color":"","overlay-opacity":"","overlay-gradient":""},"mobile":{"background-color":"","background-image":"","background-repeat":"repeat","background-position":"center center","background-size":"auto","background-attachment":"scroll","background-type":"","background-media":"","overlay-type":"","overlay-color":"","overlay-opacity":"","overlay-gradient":""}},"ast-content-background-meta":{"desktop":{"background-color":"var(--ast-global-color-5)","background-image":"","background-repeat":"repeat","background-position":"center center","background-size":"auto","background-attachment":"scroll","background-type":"","background-media":"","overlay-type":"","overlay-color":"","overlay-opacity":"","overlay-gradient":""},"tablet":{"background-color":"var(--ast-global-color-5)","background-image":"","background-repeat":"repeat","background-position":"center center","background-size":"auto","background-attachment":"scroll","background-type":"","background-media":"","overlay-type":"","overlay-color":"","overlay-opacity":"","overlay-gradient":""},"mobile":{"background-color":"var(--ast-global-color-5)","background-image":"","background-repeat":"repeat","background-position":"center center","background-size":"auto","background-attachment":"scroll","background-type":"","background-media":"","overlay-type":"","overlay-color":"","overlay-opacity":"","overlay-gradient":""}},"footnotes":""},"class_list":["post-21869","page","type-page","status-publish","hentry"],"acf":[],"_links":{"self":[{"href":"https:\/\/erdmost.hu\/en\/wp-json\/wp\/v2\/pages\/21869","targetHints":{"allow":["GET"]}}],"collection":[{"href":"https:\/\/erdmost.hu\/en\/wp-json\/wp\/v2\/pages"}],"about":[{"href":"https:\/\/erdmost.hu\/en\/wp-json\/wp\/v2\/types\/page"}],"author":[{"embeddable":true,"href":"https:\/\/erdmost.hu\/en\/wp-json\/wp\/v2\/users\/1"}],"replies":[{"embeddable":true,"href":"https:\/\/erdmost.hu\/en\/wp-json\/wp\/v2\/comments?post=21869"}],"version-history":[{"count":1,"href":"https:\/\/erdmost.hu\/en\/wp-json\/wp\/v2\/pages\/21869\/revisions"}],"predecessor-version":[{"id":127691,"href":"https:\/\/erdmost.hu\/en\/wp-json\/wp\/v2\/pages\/21869\/revisions\/127691"}],"wp:attachment":[{"href":"https:\/\/erdmost.hu\/en\/wp-json\/wp\/v2\/media?parent=21869"}],"curies":[{"name":"wp","href":"https:\/\/api.w.org\/{rel}","templated":true}]}}