{"id":21867,"date":"2018-09-04T13:48:06","date_gmt":"2018-09-04T13:48:06","guid":{"rendered":"https:\/\/wp.erdmost.hu\/impresszum\/"},"modified":"2025-09-25T14:49:09","modified_gmt":"2025-09-25T12:49:09","slug":"impresszum","status":"publish","type":"page","link":"https:\/\/erdmost.hu\/en\/impresszum\/","title":{"rendered":"Impresszum"},"content":{"rendered":"<div style=\"background-color: white; padding: 10px;\">\n<p><strong>\u00c9rd Megyei Jog\u00fa V\u00e1ros Polg\u00e1rmesteri Hivatal M\u00e9dia Oszt\u00e1lya<br \/>\n2030 \u00c9rd, M\u00e1ria utca 1.<\/strong><\/p>\n<p><strong>Email:<\/strong> szerkesztoseg<i>@<\/i>erdmediacentrum.hu<\/p>\n<p><strong>Telefon: <\/strong>+36-23-330-156 (\u00c9rdi \u00dajs\u00e1g \u00e9s \u00c9rd Most)<\/p>\n<h2>M\u00c9DIA OSZT\u00c1LY<\/h2>\n<ul>\n<li>Oszt\u00e1lyvezet\u0151-f\u0151szerkeszt\u0151: <strong>Kling J\u00f3zsef<\/strong><\/li>\n<li>Szerkeszt\u0151s\u00e9gi iroda vezet\u0151je: <strong>Szab\u00f3 Katalin<\/strong><\/li>\n<li>M\u0171szaki vezet\u0151: <strong>Vajda Bence<\/strong><\/li>\n<li>Hirdet\u00e9s: <strong>Zsemberi Timea<\/strong><\/li>\n<\/ul>\n<p>hirdetes@erdmediacentrum.hu<\/p>\n<h2>\u00c9RDI \u00daJS\u00c1G<\/h2>\n<ul>\n<li>oszt\u00e9lyvezet\u0151-f\u0151szerkeszt\u0151: <strong>Kling J\u00f3zsef<\/strong><\/li>\n<\/ul>\n<h2>\u00c9RDMOST.HU<\/h2>\n<p>szerkesztoseg@erdmediacentrum.hu<\/p>\n<ul>\n<li><strong>Kling J\u00f3zsef<\/strong>\u00a0f\u0151szerkeszt\u0151<\/li>\n<li><strong>G\u00e1rdos Attila<\/strong>\u00a0felel\u0151s szerkeszt\u0151<\/li>\n<li><strong>\u00c1d\u00e1m Katalin<\/strong> szerkeszt\u0151-\u00fajs\u00e1g\u00edr\u00f3<\/li>\n<\/ul>\n<h2>VIDE\u00d3-FOT\u00d3<\/h2>\n<ul>\n<li><strong>Balogh Alex<\/strong> vezet\u0151 operat\u0151r-v\u00e1g\u00f3<\/li>\n<li><strong>Nagy Bal\u00e1zs<\/strong>\u00a0operat\u0151r-v\u00e1g\u00f3<\/li>\n<\/ul>\n<p style=\"text-align: left;\">Kiadja: \u00c9rd Megyei Jog\u00fa V\u00e1ros Polg\u00e1rmesteri Hivatal<br \/>\nFelel\u0151s kiad\u00f3: Kling J\u00f3zsef oszt\u00e1lyvezet\u0151-\u00fcgyvezet\u0151<\/p>\n<p style=\"text-align: left;\"><strong>Fel\u00fcgyeleti szerv:<\/strong><br \/>\nNemzeti M\u00e9dia- \u00e9s H\u00edrk\u00f6zl\u00e9si Hat\u00f3s\u00e1g<br \/>\n1015 Budapest, Ostrom u. 23-25.<br \/>\nTelefonsz\u00e1m: (06\/1 457-7100)<br \/>\nHonlap:\u00a0<a href=\"http:\/\/www.nmhh.hu\/\" target=\"_blank\" rel=\"noopener\">www.nmhh.hu<\/a><\/p>\n<p><img decoding=\"async\" class=\"alignnone size-full wp-image-35047\" src=\"https:\/\/erdmost.hu\/wp-content\/uploads\/2022\/03\/mecenatura_kislogo-e1649406857851.jpg\" alt=\"\" width=\"96\" height=\"59\" \/><\/p>\n<\/div>","protected":false},"excerpt":{"rendered":"<p>\u00c9rd Megyei Jog\u00fa V\u00e1ros Polg\u00e1rmesteri Hivatal M\u00e9dia Oszt\u00e1lya 2030 \u00c9rd, M\u00e1ria utca 1. Email: szerkesztoseg@erdmediacentrum.hu Telefon: +36-23-330-156 (\u00c9rdi \u00dajs\u00e1g \u00e9s \u00c9rd Most) M\u00c9DIA OSZT\u00c1LY Oszt\u00e1lyvezet\u0151-f\u0151szerkeszt\u0151: Kling J\u00f3zsef Szerkeszt\u0151s\u00e9gi iroda vezet\u0151je: Szab\u00f3 Katalin M\u0171szaki vezet\u0151: Vajda Bence Hirdet\u00e9s: Zsemberi Timea hirdetes@erdmediacentrum.hu \u00c9RDI \u00daJS\u00c1G oszt\u00e9lyvezet\u0151-f\u0151szerkeszt\u0151: Kling J\u00f3zsef \u00c9RDMOST.HU szerkesztoseg@erdmediacentrum.hu Kling J\u00f3zsef\u00a0f\u0151szerkeszt\u0151 G\u00e1rdos Attila\u00a0felel\u0151s szerkeszt\u0151 \u00c1d\u00e1m Katalin szerkeszt\u0151-\u00fajs\u00e1g\u00edr\u00f3 [&hellip;]<\/p>\n","protected":false},"author":1,"featured_media":0,"parent":0,"menu_order":0,"comment_status":"closed","ping_status":"closed","template":"","meta":{"_acf_changed":false,"_seopress_robots_primary_cat":"","_seopress_titles_title":"","_seopress_titles_desc":"","_seopress_robots_index":"","site-sidebar-layout":"default","site-content-layout":"default","ast-site-content-layout":"default","site-content-style":"default","site-sidebar-style":"default","ast-global-header-display":"","ast-banner-title-visibility":"","ast-main-header-display":"","ast-hfb-above-header-display":"","ast-hfb-below-header-display":"","ast-hfb-mobile-header-display":"","site-post-title":"disabled","ast-breadcrumbs-content":"","ast-featured-img":"","footer-sml-layout":"","ast-disable-related-posts":"","theme-transparent-header-meta":"default","adv-header-id-meta":"","stick-header-meta":"","header-above-stick-meta":"","header-main-stick-meta":"","header-below-stick-meta":"","astra-migrate-meta-layouts":"set","ast-page-background-enabled":"default","ast-page-background-meta":{"desktop":{"background-color":"","background-image":"","background-repeat":"repeat","background-position":"center center","background-size":"auto","background-attachment":"scroll","background-type":"","background-media":"","overlay-type":"","overlay-color":"","overlay-opacity":"","overlay-gradient":""},"tablet":{"background-color":"","background-image":"","background-repeat":"repeat","background-position":"center center","background-size":"auto","background-attachment":"scroll","background-type":"","background-media":"","overlay-type":"","overlay-color":"","overlay-opacity":"","overlay-gradient":""},"mobile":{"background-color":"","background-image":"","background-repeat":"repeat","background-position":"center center","background-size":"auto","background-attachment":"scroll","background-type":"","background-media":"","overlay-type":"","overlay-color":"","overlay-opacity":"","overlay-gradient":""}},"ast-content-background-meta":{"desktop":{"background-color":"var(--ast-global-color-5)","background-image":"","background-repeat":"repeat","background-position":"center center","background-size":"auto","background-attachment":"scroll","background-type":"","background-media":"","overlay-type":"","overlay-color":"","overlay-opacity":"","overlay-gradient":""},"tablet":{"background-color":"var(--ast-global-color-5)","background-image":"","background-repeat":"repeat","background-position":"center center","background-size":"auto","background-attachment":"scroll","background-type":"","background-media":"","overlay-type":"","overlay-color":"","overlay-opacity":"","overlay-gradient":""},"mobile":{"background-color":"var(--ast-global-color-5)","background-image":"","background-repeat":"repeat","background-position":"center center","background-size":"auto","background-attachment":"scroll","background-type":"","background-media":"","overlay-type":"","overlay-color":"","overlay-opacity":"","overlay-gradient":""}},"footnotes":""},"class_list":["post-21867","page","type-page","status-publish","hentry"],"acf":[],"_links":{"self":[{"href":"https:\/\/erdmost.hu\/en\/wp-json\/wp\/v2\/pages\/21867","targetHints":{"allow":["GET"]}}],"collection":[{"href":"https:\/\/erdmost.hu\/en\/wp-json\/wp\/v2\/pages"}],"about":[{"href":"https:\/\/erdmost.hu\/en\/wp-json\/wp\/v2\/types\/page"}],"author":[{"embeddable":true,"href":"https:\/\/erdmost.hu\/en\/wp-json\/wp\/v2\/users\/1"}],"replies":[{"embeddable":true,"href":"https:\/\/erdmost.hu\/en\/wp-json\/wp\/v2\/comments?post=21867"}],"version-history":[{"count":5,"href":"https:\/\/erdmost.hu\/en\/wp-json\/wp\/v2\/pages\/21867\/revisions"}],"predecessor-version":[{"id":127690,"href":"https:\/\/erdmost.hu\/en\/wp-json\/wp\/v2\/pages\/21867\/revisions\/127690"}],"wp:attachment":[{"href":"https:\/\/erdmost.hu\/en\/wp-json\/wp\/v2\/media?parent=21867"}],"curies":[{"name":"wp","href":"https:\/\/api.w.org\/{rel}","templated":true}]}}